{"id":273,"date":"2023-10-04T07:00:53","date_gmt":"2023-10-04T07:00:53","guid":{"rendered":"https:\/\/pi-solve.com\/gebruikershandleiding\/"},"modified":"2023-10-05T12:17:04","modified_gmt":"2023-10-05T12:17:04","slug":"gebrauchsanweisung","status":"publish","type":"page","link":"https:\/\/pi-solve.com\/de\/gebrauchsanweisung\/","title":{"rendered":"Gebrauchsanweisung"},"content":{"rendered":"<p>[et_pb_section fb_built=&#8220;1&#8243; next_background_color=&#8220;#3DA1DA&#8220; _builder_version=&#8220;4.22.2&#8243; _module_preset=&#8220;default&#8220; use_background_color_gradient=&#8220;on&#8220; background_color_gradient_stops=&#8220;rgba(30,63,123,0.8) 0%|rgba(30,63,123,0.61) 100%&#8220; background_color_gradient_overlays_image=&#8220;on&#8220; background_image=&#8220;https:\/\/pi-solve.com\/wp-content\/uploads\/Katten-urine-schoonmaakmiddel-v2.jpg&#8220; custom_padding=&#8220;0px||0px||true|false&#8220; top_divider_color=&#8220;#3DA1DA&#8220; bottom_divider_style=&#8220;asymmetric2&#8243; bottom_divider_height=&#8220;50px&#8220; global_colors_info=&#8220;{}&#8220;][et_pb_row custom_padding_last_edited=&#8220;on|tablet&#8220; _builder_version=&#8220;4.22.2&#8243; _module_preset=&#8220;default&#8220; width=&#8220;90%&#8220; max_width=&#8220;76%&#8220; custom_padding=&#8220;0px||0px||true|false&#8220; custom_padding_tablet=&#8220;30px||30px||true|false&#8220; custom_padding_phone=&#8220;30px||30px||true|false&#8220; global_colors_info=&#8220;{}&#8220;][et_pb_column type=&#8220;4_4&#8243; _builder_version=&#8220;4.22.2&#8243; _module_preset=&#8220;default&#8220; global_colors_info=&#8220;{}&#8220;][et_pb_slider _builder_version=&#8220;4.22.2&#8243; _module_preset=&#8220;default&#8220; custom_padding=&#8220;5%||5%||true|false&#8220; global_colors_info=&#8220;{}&#8220;][et_pb_slide heading=&#8220;@ET-DC@eyJkeW5hbWljIjp0cnVlLCJjb250ZW50IjoicG9zdF90aXRsZSIsInNldHRpbmdzIjp7ImJlZm9yZSI6IiIsImFmdGVyIjoiIn19@&#8220; _builder_version=&#8220;4.22.2&#8243; _dynamic_attributes=&#8220;heading&#8220; _module_preset=&#8220;default&#8220; background_color=&#8220;rgba(30,63,123,0)&#8220; background_enable_color=&#8220;on&#8220; background_enable_image=&#8220;off&#8220; global_colors_info=&#8220;{}&#8220; sticky_transition=&#8220;on&#8220;][\/et_pb_slide][\/et_pb_slider][\/et_pb_column][\/et_pb_row][\/et_pb_section][et_pb_section fb_built=&#8220;1&#8243; next_background_color=&#8220;#ffffff&#8220; _builder_version=&#8220;4.22.2&#8243; _module_preset=&#8220;default&#8220; background_color=&#8220;#3DA1DA&#8220; bottom_divider_style=&#8220;asymmetric2&#8243; bottom_divider_height=&#8220;30px&#8220; global_colors_info=&#8220;{}&#8220;][et_pb_row _builder_version=&#8220;4.22.2&#8243; _module_preset=&#8220;default&#8220; global_colors_info=&#8220;{}&#8220;][et_pb_column type=&#8220;4_4&#8243; _builder_version=&#8220;4.22.2&#8243; _module_preset=&#8220;default&#8220; global_colors_info=&#8220;{}&#8220;][et_pb_text _builder_version=&#8220;4.22.2&#8243; _module_preset=&#8220;default&#8220; background_layout=&#8220;dark&#8220; global_colors_info=&#8220;{}&#8220;]PI-Solve muss vor der Anwendung nur kurz gesch\u00fcttelt werden.<\/p>\n<p>Pr\u00fcfen Sie zun\u00e4chst die Farbechtheit an einer unauff\u00e4lligen Stelle. Tupfen Sie dann die Verschmutzung mit K\u00fcchenpapier oder einem trockenen Tuch ab.[\/et_pb_text][\/et_pb_column][\/et_pb_row][et_pb_row column_structure=&#8220;1_4,1_4,1_4,1_4&#8243; _builder_version=&#8220;4.22.2&#8243; _module_preset=&#8220;default&#8220; custom_padding=&#8220;||50px||false|false&#8220; global_colors_info=&#8220;{}&#8220;][et_pb_column type=&#8220;1_4&#8243; _builder_version=&#8220;4.22.2&#8243; _module_preset=&#8220;default&#8220; global_colors_info=&#8220;{}&#8220;][et_pb_blurb title=&#8220;Schritt 1 &#8220; image=&#8220;https:\/\/pi-solve.com\/wp-content\/uploads\/spray-kattenurine-verwijderaar.webp&#8220; alt=&#8220;Spray kattenurine verwijderaar op de vlek&#8220; _builder_version=&#8220;4.22.2&#8243; _module_preset=&#8220;default&#8220; text_orientation=&#8220;center&#8220; background_layout=&#8220;dark&#8220; animation_style=&#8220;fade&#8220; animation_delay=&#8220;500ms&#8220; global_colors_info=&#8220;{}&#8220;]Auf den Fleck spr\u00fchen[\/et_pb_blurb][\/et_pb_column][et_pb_column type=&#8220;1_4&#8243; _builder_version=&#8220;4.22.2&#8243; _module_preset=&#8220;default&#8220; global_colors_info=&#8220;{}&#8220;][et_pb_blurb title=&#8220;Schritt 2&#8243; image=&#8220;https:\/\/pi-solve.com\/wp-content\/uploads\/kattenurine-verwijderaar-intrekken.webp&#8220; alt=&#8220;kattenurine verwijderaar in laten trekken&#8220; _builder_version=&#8220;4.22.2&#8243; _module_preset=&#8220;default&#8220; text_orientation=&#8220;center&#8220; background_layout=&#8220;dark&#8220; animation_style=&#8220;fade&#8220; animation_delay=&#8220;1000ms&#8220; global_colors_info=&#8220;{}&#8220;]2 Stunden einwirken lassen[\/et_pb_blurb][\/et_pb_column][et_pb_column type=&#8220;1_4&#8243; _builder_version=&#8220;4.22.2&#8243; _module_preset=&#8220;default&#8220; global_colors_info=&#8220;{}&#8220;][et_pb_blurb title=&#8220;Schritt 3&#8243; image=&#8220;https:\/\/pi-solve.com\/wp-content\/uploads\/boen-op-kattenurine-verwijderaar.webp&#8220; alt=&#8220;Boen op de kattenurine verwijderaar&#8220; _builder_version=&#8220;4.22.2&#8243; _module_preset=&#8220;default&#8220; text_orientation=&#8220;center&#8220; background_layout=&#8220;dark&#8220; animation_style=&#8220;fade&#8220; animation_delay=&#8220;1500ms&#8220; global_colors_info=&#8220;{}&#8220;]Schrubben Sie den Fleck[\/et_pb_blurb][\/et_pb_column][et_pb_column type=&#8220;1_4&#8243; _builder_version=&#8220;4.22.2&#8243; _module_preset=&#8220;default&#8220; global_colors_info=&#8220;{}&#8220;][et_pb_blurb title=&#8220;Schritt 4&#8243; image=&#8220;https:\/\/pi-solve.com\/wp-content\/uploads\/kattenurine-verwijderaar-afnemen.webp&#8220; alt=&#8220;Boen op de kattenurine verwijderaar&#8220; _builder_version=&#8220;4.22.2&#8243; _module_preset=&#8220;default&#8220; text_orientation=&#8220;center&#8220; background_layout=&#8220;dark&#8220; animation_style=&#8220;fade&#8220; animation_delay=&#8220;2000ms&#8220; global_colors_info=&#8220;{}&#8220;]Mit einem feuchten Tuch reinigen[\/et_pb_blurb][\/et_pb_column][\/et_pb_row][\/et_pb_section][et_pb_section fb_built=&#8220;1&#8243; _builder_version=&#8220;4.22.2&#8243; _module_preset=&#8220;default&#8220; global_colors_info=&#8220;{}&#8220;][et_pb_row column_structure=&#8220;2_3,1_3&#8243; _builder_version=&#8220;4.22.2&#8243; _module_preset=&#8220;default&#8220; custom_margin=&#8220;20px||20px||false|false&#8220; custom_padding=&#8220;20px|20px|20px|20px|false|false&#8220; box_shadow_style=&#8220;preset1&#8243; global_colors_info=&#8220;{}&#8220;][et_pb_column type=&#8220;2_3&#8243; _builder_version=&#8220;4.22.2&#8243; _module_preset=&#8220;default&#8220; global_colors_info=&#8220;{}&#8220;][et_pb_text _builder_version=&#8220;4.22.2&#8243; _module_preset=&#8220;default&#8220; text_text_color=&#8220;#1E3F7B&#8220; header_2_text_color=&#8220;#1E3F7B&#8220; hover_enabled=&#8220;0&#8243; global_colors_info=&#8220;{}&#8220; sticky_enabled=&#8220;0&#8243;]<\/p>\n<h2>Bodenbelag, Matratze oder M\u00f6bel<\/h2>\n<p>Die zu behandelnde Fl\u00e4che gro\u00dfz\u00fcgig mit PI-Solve einspr\u00fchen. Spr\u00fchen Sie gro\u00dfz\u00fcgig auf die sichtbare nasse oder schmutzige Stelle. Ein Urinfleck ist oft um ein Vielfaches gr\u00f6\u00dfer als auf der Oberfl\u00e4che eines M\u00f6belst\u00fccks, einer Matratze oder eines Teppichs sichtbar. Deshalb sollten Sie PI-Solve gro\u00dfz\u00fcgig um die Verschmutzung herum auftragen.<\/p>\n<p>Die Enzyme brauchen Zeit, um ihre Abbauarbeit zu leisten, lassen Sie PI-Solve trocknen. Die Trocknung kann mehrere Stunden bis zu einem Tag dauern. Bei starken Verschmutzungen decken Sie die eingespritzte Stelle mit einem mit PI-Solve clean angefeuchteten Tuch ab, um ein schnelles Austrocknen zu verhindern.<\/p>\n<p>Nach dem Trocknen die Stelle mit klarem Wasser absp\u00fclen und mit K\u00fcchenpapier oder einem Handtuch trocken tupfen. Wenn ein Nass-Trocken-Sauger zur Verf\u00fcgung steht, wird dessen Verwendung empfohlen.<\/p>\n<p>Falls erforderlich, die Behandlung wiederholen.<\/p>\n<p>[\/et_pb_text][et_pb_text _builder_version=&#8220;4.22.2&#8243; _module_preset=&#8220;default&#8220; text_text_color=&#8220;#1E3F7B&#8220; header_2_text_color=&#8220;#1E3F7B&#8220; global_colors_info=&#8220;{}&#8220;]<\/p>\n<h2>Textilien und Kleidung<\/h2>\n<p>Spr\u00fchen Sie die Verschmutzung gro\u00dfz\u00fcgig mit PI-Solve ein und lassen Sie das Mittel mindestens zwei Stunden lang einwirken. Nach der Einwirkzeit k\u00f6nnen Sie das behandelte Kleidungsst\u00fcck oder Textil in der Waschmaschine waschen. Wir empfehlen, ein nicht zu hei\u00dfes Waschprogramm zu verwenden, maximal 60 Grad.<\/p>\n<p>Verwenden Sie PI-Solve nicht in Kombination mit anderen Waschmitteln. Ein Fleck, der zuvor mit einem normalen Waschmittel behandelt wurde, l\u00e4sst sich nur schwer wieder reinigen.<\/p>\n<p>[\/et_pb_text][\/et_pb_column][et_pb_column type=&#8220;1_3&#8243; _builder_version=&#8220;4.22.2&#8243; _module_preset=&#8220;default&#8220; global_colors_info=&#8220;{}&#8220;][et_pb_blurb title=&#8220;Der nachhaltige Katzenurinentferner&#8220; use_icon=&#8220;on&#8220; font_icon=&#8220;&#xf299;||fa||400&#8243; icon_color=&#8220;#42bc29&#8243; icon_placement=&#8220;left&#8220; image_icon_width=&#8220;39px&#8220; _builder_version=&#8220;4.22.2&#8243; _module_preset=&#8220;default&#8220; background_color=&#8220;#1E3F7B&#8220; background_layout=&#8220;dark&#8220; custom_padding=&#8220;20px|20px|20px|20px|true|true&#8220; animation_style=&#8220;fade&#8220; border_radii=&#8220;off|50px||50px|&#8220; box_shadow_style=&#8220;preset1&#8243; global_module=&#8220;424&#8243; saved_tabs=&#8220;all&#8220; global_colors_info=&#8220;{}&#8220;]<\/p>\n<div id=\"bgLayers_comp-lk761kg2\" class=\"MW5IWV\" data-hook=\"bgLayers\">\n<div id=\"bgMedia_comp-lk761kg2\" class=\"VgO9Yg\">\u00a0<\/div>\n<\/div>\n<div class=\"\" data-mesh-id=\"comp-lk761kg2inlineContent\" data-testid=\"inline-content\">\n<div data-mesh-id=\"comp-lk761kg2inlineContent-gridContainer\" data-testid=\"mesh-container-content\">\n<div id=\"comp-lk765gct\" class=\"KcpHeO tz5f0K comp-lk765gct wixui-rich-text\" data-testid=\"richTextElement\">\n<p class=\"font_8 wixui-rich-text__text\"><span class=\"color_15 wixui-rich-text__text\">Unser Ziel ist es, dass unsere Produkte die Umwelt nicht belasten. Alle f\u00fcr PI-Solve verwendeten Verpackungen bestehen zu 100 % aus verantwortungsvoll recyceltem Material. Wir bitten Sie auch, die leeren Verpackungen nicht in den Restm\u00fcll zu werfen, sondern sie zu entsorgen, damit sie wiederverwendet werden k\u00f6nnen.<\/span><\/p>\n<\/div>\n<\/div>\n<\/div>\n<p>[\/et_pb_blurb][\/et_pb_column][\/et_pb_row][\/et_pb_section]<\/p>\n","protected":false},"excerpt":{"rendered":"<p>PI-Solve muss vor der Anwendung nur kurz gesch\u00fcttelt werden. Pr\u00fcfen Sie zun\u00e4chst die Farbechtheit an einer unauff\u00e4lligen Stelle. Tupfen Sie dann die Verschmutzung mit K\u00fcchenpapier oder einem trockenen Tuch ab.Auf den Fleck spr\u00fchen2 Stunden einwirken lassenSchrubben Sie den FleckMit einem feuchten Tuch reinigenBodenbelag, Matratze oder M\u00f6bel Die zu behandelnde Fl\u00e4che gro\u00dfz\u00fcgig mit PI-Solve einspr\u00fchen. Spr\u00fchen [&hellip;]<\/p>\n","protected":false},"author":1,"featured_media":0,"parent":0,"menu_order":1,"comment_status":"closed","ping_status":"closed","template":"","meta":{"_et_pb_use_builder":"on","_et_pb_old_content":"<!-- wp:paragraph -->\r\n<p>This is an example page. It's different from a blog post because it will stay in one place and will show up in your site navigation (in most themes). Most people start with an About page that introduces them to potential site visitors. It might say something like this:<\/p>\r\n<!-- \/wp:paragraph --><!-- wp:quote -->\r\n<blockquote class=\"wp-block-quote\">\r\n<p>Hi there! I'm a bike messenger by day, aspiring actor by night, and this is my website. I live in Los Angeles, have a great dog named Jack, and I like pi\u00f1a coladas. (And gettin' caught in the rain.)<\/p>\r\n<\/blockquote>\r\n<!-- \/wp:quote --><!-- wp:paragraph -->\r\n<p>...or something like this:<\/p>\r\n<!-- \/wp:paragraph --><!-- wp:quote -->\r\n<blockquote class=\"wp-block-quote\">\r\n<p>The XYZ Doohickey Company was founded in 1971, and has been providing quality doohickeys to the public ever since. Located in Gotham City, XYZ employs over 2,000 people and does all kinds of awesome things for the Gotham community.<\/p>\r\n<\/blockquote>\r\n<!-- \/wp:quote --><!-- wp:paragraph -->\r\n<p>As a new WordPress user, you should go to <a href=\"https:\/\/pi-solve.com\/wp-admin\/\">your dashboard<\/a> to delete this page and create new pages for your content. Have fun!<\/p>\r\n<!-- \/wp:paragraph -->","_et_gb_content_width":"","footnotes":""},"class_list":["post-273","page","type-page","status-publish","hentry"],"yoast_head":"<!-- This site is optimized with the Yoast SEO plugin v27.4 - https:\/\/yoast.com\/product\/yoast-seo-wordpress\/ -->\n<title>Gebrauchsanweisung - Kattenurine verwijderaar - PI-Solve<\/title>\n<meta name=\"robots\" content=\"index, follow, max-snippet:-1, max-image-preview:large, max-video-preview:-1\" \/>\n<link rel=\"canonical\" href=\"https:\/\/pi-solve.com\/de\/gebrauchsanweisung\/\" \/>\n<meta property=\"og:locale\" content=\"de_DE\" \/>\n<meta property=\"og:type\" content=\"article\" \/>\n<meta property=\"og:title\" content=\"Gebrauchsanweisung - Kattenurine verwijderaar - PI-Solve\" \/>\n<meta property=\"og:description\" content=\"PI-Solve muss vor der Anwendung nur kurz gesch\u00fcttelt werden. Pr\u00fcfen Sie zun\u00e4chst die Farbechtheit an einer unauff\u00e4lligen Stelle. Tupfen Sie dann die Verschmutzung mit K\u00fcchenpapier oder einem trockenen Tuch ab.Auf den Fleck spr\u00fchen2 Stunden einwirken lassenSchrubben Sie den FleckMit einem feuchten Tuch reinigenBodenbelag, Matratze oder M\u00f6bel Die zu behandelnde Fl\u00e4che gro\u00dfz\u00fcgig mit PI-Solve einspr\u00fchen. Spr\u00fchen [&hellip;]\" \/>\n<meta property=\"og:url\" content=\"https:\/\/pi-solve.com\/de\/gebrauchsanweisung\/\" \/>\n<meta property=\"og:site_name\" content=\"Kattenurine verwijderaar - PI-Solve\" \/>\n<meta property=\"article:modified_time\" content=\"2023-10-05T12:17:04+00:00\" \/>\n<meta name=\"twitter:card\" content=\"summary_large_image\" \/>\n<meta name=\"twitter:label1\" content=\"Gesch\u00e4tzte Lesezeit\" \/>\n\t<meta name=\"twitter:data1\" content=\"3\u00a0Minuten\" \/>\n<script type=\"application\/ld+json\" class=\"yoast-schema-graph\">{\"@context\":\"https:\\\/\\\/schema.org\",\"@graph\":[{\"@type\":\"WebPage\",\"@id\":\"https:\\\/\\\/pi-solve.com\\\/de\\\/gebrauchsanweisung\\\/\",\"url\":\"https:\\\/\\\/pi-solve.com\\\/de\\\/gebrauchsanweisung\\\/\",\"name\":\"Gebrauchsanweisung - Kattenurine verwijderaar - PI-Solve\",\"isPartOf\":{\"@id\":\"http:\\\/\\\/pi-solve.com\\\/#website\"},\"datePublished\":\"2023-10-04T07:00:53+00:00\",\"dateModified\":\"2023-10-05T12:17:04+00:00\",\"breadcrumb\":{\"@id\":\"https:\\\/\\\/pi-solve.com\\\/de\\\/gebrauchsanweisung\\\/#breadcrumb\"},\"inLanguage\":\"de\",\"potentialAction\":[{\"@type\":\"ReadAction\",\"target\":[\"https:\\\/\\\/pi-solve.com\\\/de\\\/gebrauchsanweisung\\\/\"]}]},{\"@type\":\"BreadcrumbList\",\"@id\":\"https:\\\/\\\/pi-solve.com\\\/de\\\/gebrauchsanweisung\\\/#breadcrumb\",\"itemListElement\":[{\"@type\":\"ListItem\",\"position\":1,\"name\":\"Home\",\"item\":\"https:\\\/\\\/pi-solve.com\\\/de\\\/\"},{\"@type\":\"ListItem\",\"position\":2,\"name\":\"Gebrauchsanweisung\"}]},{\"@type\":\"WebSite\",\"@id\":\"http:\\\/\\\/pi-solve.com\\\/#website\",\"url\":\"http:\\\/\\\/pi-solve.com\\\/\",\"name\":\"Kattenurine verwijderaar - PI-Solve\",\"description\":\"Effectief kattenurine verwijderen\",\"potentialAction\":[{\"@type\":\"SearchAction\",\"target\":{\"@type\":\"EntryPoint\",\"urlTemplate\":\"http:\\\/\\\/pi-solve.com\\\/?s={search_term_string}\"},\"query-input\":{\"@type\":\"PropertyValueSpecification\",\"valueRequired\":true,\"valueName\":\"search_term_string\"}}],\"inLanguage\":\"de\"}]}<\/script>\n<!-- \/ Yoast SEO plugin. -->","yoast_head_json":{"title":"Gebrauchsanweisung - Kattenurine verwijderaar - PI-Solve","robots":{"index":"index","follow":"follow","max-snippet":"max-snippet:-1","max-image-preview":"max-image-preview:large","max-video-preview":"max-video-preview:-1"},"canonical":"https:\/\/pi-solve.com\/de\/gebrauchsanweisung\/","og_locale":"de_DE","og_type":"article","og_title":"Gebrauchsanweisung - Kattenurine verwijderaar - PI-Solve","og_description":"PI-Solve muss vor der Anwendung nur kurz gesch\u00fcttelt werden. Pr\u00fcfen Sie zun\u00e4chst die Farbechtheit an einer unauff\u00e4lligen Stelle. Tupfen Sie dann die Verschmutzung mit K\u00fcchenpapier oder einem trockenen Tuch ab.Auf den Fleck spr\u00fchen2 Stunden einwirken lassenSchrubben Sie den FleckMit einem feuchten Tuch reinigenBodenbelag, Matratze oder M\u00f6bel Die zu behandelnde Fl\u00e4che gro\u00dfz\u00fcgig mit PI-Solve einspr\u00fchen. Spr\u00fchen [&hellip;]","og_url":"https:\/\/pi-solve.com\/de\/gebrauchsanweisung\/","og_site_name":"Kattenurine verwijderaar - PI-Solve","article_modified_time":"2023-10-05T12:17:04+00:00","twitter_card":"summary_large_image","twitter_misc":{"Gesch\u00e4tzte Lesezeit":"3\u00a0Minuten"},"schema":{"@context":"https:\/\/schema.org","@graph":[{"@type":"WebPage","@id":"https:\/\/pi-solve.com\/de\/gebrauchsanweisung\/","url":"https:\/\/pi-solve.com\/de\/gebrauchsanweisung\/","name":"Gebrauchsanweisung - Kattenurine verwijderaar - PI-Solve","isPartOf":{"@id":"http:\/\/pi-solve.com\/#website"},"datePublished":"2023-10-04T07:00:53+00:00","dateModified":"2023-10-05T12:17:04+00:00","breadcrumb":{"@id":"https:\/\/pi-solve.com\/de\/gebrauchsanweisung\/#breadcrumb"},"inLanguage":"de","potentialAction":[{"@type":"ReadAction","target":["https:\/\/pi-solve.com\/de\/gebrauchsanweisung\/"]}]},{"@type":"BreadcrumbList","@id":"https:\/\/pi-solve.com\/de\/gebrauchsanweisung\/#breadcrumb","itemListElement":[{"@type":"ListItem","position":1,"name":"Home","item":"https:\/\/pi-solve.com\/de\/"},{"@type":"ListItem","position":2,"name":"Gebrauchsanweisung"}]},{"@type":"WebSite","@id":"http:\/\/pi-solve.com\/#website","url":"http:\/\/pi-solve.com\/","name":"Kattenurine verwijderaar - PI-Solve","description":"Effectief kattenurine verwijderen","potentialAction":[{"@type":"SearchAction","target":{"@type":"EntryPoint","urlTemplate":"http:\/\/pi-solve.com\/?s={search_term_string}"},"query-input":{"@type":"PropertyValueSpecification","valueRequired":true,"valueName":"search_term_string"}}],"inLanguage":"de"}]}},"_links":{"self":[{"href":"https:\/\/pi-solve.com\/de\/wp-json\/wp\/v2\/pages\/273","targetHints":{"allow":["GET"]}}],"collection":[{"href":"https:\/\/pi-solve.com\/de\/wp-json\/wp\/v2\/pages"}],"about":[{"href":"https:\/\/pi-solve.com\/de\/wp-json\/wp\/v2\/types\/page"}],"author":[{"embeddable":true,"href":"https:\/\/pi-solve.com\/de\/wp-json\/wp\/v2\/users\/1"}],"replies":[{"embeddable":true,"href":"https:\/\/pi-solve.com\/de\/wp-json\/wp\/v2\/comments?post=273"}],"version-history":[{"count":4,"href":"https:\/\/pi-solve.com\/de\/wp-json\/wp\/v2\/pages\/273\/revisions"}],"predecessor-version":[{"id":465,"href":"https:\/\/pi-solve.com\/de\/wp-json\/wp\/v2\/pages\/273\/revisions\/465"}],"wp:attachment":[{"href":"https:\/\/pi-solve.com\/de\/wp-json\/wp\/v2\/media?parent=273"}],"curies":[{"name":"wp","href":"https:\/\/api.w.org\/{rel}","templated":true}]}}