{"id":283,"date":"2023-10-02T12:00:42","date_gmt":"2023-10-02T12:00:42","guid":{"rendered":"https:\/\/pi-solve.com\/home\/"},"modified":"2023-10-05T12:09:42","modified_gmt":"2023-10-05T12:09:42","slug":"home","status":"publish","type":"page","link":"http:\/\/pi-solve.com\/fr\/","title":{"rendered":"Nettoyant pour l\u2019urine des chats | PI-Solve"},"content":{"rendered":"<p>[et_pb_section fb_built=\u00a0\u00bb1&Prime; next_background_color=\u00a0\u00bb#3DA1DA\u00a0\u00bb _builder_version=\u00a0\u00bb4.22.2&Prime; _module_preset=\u00a0\u00bbdefault\u00a0\u00bb use_background_color_gradient=\u00a0\u00bbon\u00a0\u00bb background_color_gradient_stops=\u00a0\u00bbrgba(30,63,123,0.8) 0%|rgba(30,63,123,0.61) 100%\u00a0\u00bb background_color_gradient_overlays_image=\u00a0\u00bbon\u00a0\u00bb background_image=\u00a0\u00bbhttps:\/\/pi-solve.com\/wp-content\/uploads\/Katten-urine-schoonmaakmiddel-v2.jpg\u00a0\u00bb custom_padding=\u00a0\u00bb0px||0px||true|false\u00a0\u00bb top_divider_color=\u00a0\u00bb#3DA1DA\u00a0\u00bb bottom_divider_style=\u00a0\u00bbasymmetric2&Prime; bottom_divider_height=\u00a0\u00bb50px\u00a0\u00bb global_colors_info=\u00a0\u00bb{}\u00a0\u00bb][et_pb_row _builder_version=\u00a0\u00bb4.22.2&Prime; _module_preset=\u00a0\u00bbdefault\u00a0\u00bb width=\u00a0\u00bb90%\u00a0\u00bb max_width=\u00a0\u00bb76%\u00a0\u00bb custom_padding=\u00a0\u00bb0px||0px||true|false\u00a0\u00bb hover_enabled=\u00a0\u00bb0&Prime; global_colors_info=\u00a0\u00bb{}\u00a0\u00bb custom_padding_last_edited=\u00a0\u00bbon|tablet\u00a0\u00bb sticky_enabled=\u00a0\u00bb0&Prime; custom_padding_tablet=\u00a0\u00bb30px||30px||true|false\u00a0\u00bb custom_padding_phone=\u00a0\u00bb30px||30px||true|false\u00a0\u00bb][et_pb_column type=\u00a0\u00bb4_4&Prime; _builder_version=\u00a0\u00bb4.22.2&Prime; _module_preset=\u00a0\u00bbdefault\u00a0\u00bb global_colors_info=\u00a0\u00bb{}\u00a0\u00bb][et_pb_slider _builder_version=\u00a0\u00bb4.22.2&Prime; _module_preset=\u00a0\u00bbdefault\u00a0\u00bb text_orientation=\u00a0\u00bbleft\u00a0\u00bb custom_padding=\u00a0\u00bb12%||12%||true|false\u00a0\u00bb hover_enabled=\u00a0\u00bb0&Prime; global_colors_info=\u00a0\u00bb{}\u00a0\u00bb sticky_enabled=\u00a0\u00bb0&Prime;][et_pb_slide heading=\u00a0\u00bbPI-Solve, \u00e9limine compl\u00e8tement l&rsquo;urine de chat\u00a0\u00bb button_link=\u00a0\u00bbhttps:\/\/pi-solve.com\/gebruikershandleiding\/\u00a0\u00bb image=\u00a0\u00bbhttps:\/\/pi-solve.com\/wp-content\/uploads\/PI-Solve-urine-verwijderaar.png\u00a0\u00bb _builder_version=\u00a0\u00bb4.22.2&Prime; _module_preset=\u00a0\u00bbdefault\u00a0\u00bb background_color=\u00a0\u00bbrgba(30,63,123,0)\u00a0\u00bb background_enable_color=\u00a0\u00bbon\u00a0\u00bb background_enable_image=\u00a0\u00bboff\u00a0\u00bb hover_enabled=\u00a0\u00bb0&Prime; custom_css_slide_description=\u00a0\u00bbfloat: left;||padding-left: 100px;\u00a0\u00bb custom_css_slide_image=\u00a0\u00bbright: -150px;\u00a0\u00bb global_colors_info=\u00a0\u00bb{}\u00a0\u00bb sticky_transition=\u00a0\u00bbon\u00a0\u00bb custom_css_slide_description_last_edited=\u00a0\u00bbon|tablet\u00a0\u00bb sticky_enabled=\u00a0\u00bb0&Prime; custom_css_slide_description_tablet=\u00a0\u00bbfloat: none;||\u00a0\u00bb custom_css_slide_description_phone=\u00a0\u00bbfloat: none;||\u00a0\u00bb][\/et_pb_slide][\/et_pb_slider][\/et_pb_column][\/et_pb_row][\/et_pb_section][et_pb_section fb_built=\u00a0\u00bb1&Prime; _builder_version=\u00a0\u00bb4.22.2&Prime; _module_preset=\u00a0\u00bbdefault\u00a0\u00bb background_color=\u00a0\u00bb#3DA1DA\u00a0\u00bb global_colors_info=\u00a0\u00bb{}\u00a0\u00bb][et_pb_row column_structure=\u00a0\u00bb1_3,2_3&Prime; _builder_version=\u00a0\u00bb4.22.2&Prime; _module_preset=\u00a0\u00bbdefault\u00a0\u00bb global_colors_info=\u00a0\u00bb{}\u00a0\u00bb][et_pb_column type=\u00a0\u00bb1_3&Prime; _builder_version=\u00a0\u00bb4.22.2&Prime; _module_preset=\u00a0\u00bbdefault\u00a0\u00bb global_colors_info=\u00a0\u00bb{}\u00a0\u00bb][et_pb_image src=\u00a0\u00bbhttps:\/\/pi-solve.com\/wp-content\/uploads\/Kattenurine-verwijderen.jpg\u00a0\u00bb alt=\u00a0\u00bbKattenurine verwijderen\u00a0\u00bb title_text=\u00a0\u00bbKattenurine verwijderen\u00a0\u00bb align_tablet=\u00a0\u00bb\u00a0\u00bb align_phone=\u00a0\u00bbcenter\u00a0\u00bb align_last_edited=\u00a0\u00bbon|phone\u00a0\u00bb _builder_version=\u00a0\u00bb4.22.2&Prime; _module_preset=\u00a0\u00bbdefault\u00a0\u00bb width=\u00a0\u00bb300px\u00a0\u00bb animation_style=\u00a0\u00bbslide\u00a0\u00bb animation_direction=\u00a0\u00bbleft\u00a0\u00bb hover_enabled=\u00a0\u00bb0&Prime; global_colors_info=\u00a0\u00bb{}\u00a0\u00bb align=\u00a0\u00bbcenter\u00a0\u00bb sticky_enabled=\u00a0\u00bb0&Prime;][\/et_pb_image][\/et_pb_column][et_pb_column type=\u00a0\u00bb2_3&Prime; _builder_version=\u00a0\u00bb4.22.2&Prime; _module_preset=\u00a0\u00bbdefault\u00a0\u00bb animation_style=\u00a0\u00bbfade\u00a0\u00bb global_colors_info=\u00a0\u00bb{}\u00a0\u00bb][et_pb_text _builder_version=\u00a0\u00bb4.22.2&Prime; _module_preset=\u00a0\u00bbdefault\u00a0\u00bb background_layout=\u00a0\u00bbdark\u00a0\u00bb global_colors_info=\u00a0\u00bb{}\u00a0\u00bb]<\/p>\n<p>PI-Solve est le nettoyant pour l&rsquo;urine qui garantit l&rsquo;\u00e9limination des odeurs et des taches. De plus, PI-Solve aide \u00e0 emp\u00eacher votre chat d&rsquo;uriner \u00e0 nouveau dans la zone nettoy\u00e9e. PI-Solve est compos\u00e9 d&rsquo;enzymes biologiques qui d\u00e9composent l&rsquo;urine. L&rsquo;odeur d&rsquo;agrumes qui y est ajout\u00e9e emp\u00eache votre chat d&rsquo;uriner \u00e0 nouveau dans la zone nettoy\u00e9e.<\/p>\n<p>PI-Solve est facile \u00e0 utiliser et peut \u00eatre utilis\u00e9 sur les sols en bois et les sols stratifi\u00e9s. De plus, PI-Solve est sans danger pour tous vos textiles et daims.<\/p>\n<p>[\/et_pb_text][et_pb_text module_id=\u00a0\u00bbvinkjes\u00a0\u00bb module_class=\u00a0\u00bbvinkjes\u00a0\u00bb _builder_version=\u00a0\u00bb4.22.2&Prime; _module_preset=\u00a0\u00bbdefault\u00a0\u00bb background_layout=\u00a0\u00bbdark\u00a0\u00bb global_colors_info=\u00a0\u00bb{}\u00a0\u00bb]<\/p>\n<ul>\n<li>Garantit l&rsquo;\u00e9limination des odeurs et des taches<\/li>\n<li>Aide \u00e0 \u00e9viter que la zone nettoy\u00e9e ne soit \u00e0 nouveau souill\u00e9e<\/li>\n<li>Convient aux chiens, aux chats et \u00e0 l&rsquo;urine des rongeurs<\/li>\n<li>\u00c9limine les r\u00e9sidus de sang, d&rsquo;urine et d&rsquo;excr\u00e9ments des chiens, des chats et des rongeurs.<\/li>\n<li>En vente dans les animaleries<\/li>\n<\/ul>\n<p>[\/et_pb_text][\/et_pb_column][\/et_pb_row][\/et_pb_section]<\/p>\n","protected":false},"excerpt":{"rendered":"<p>PI-Solve est le nettoyant pour l&rsquo;urine qui garantit l&rsquo;\u00e9limination des odeurs et des taches. De plus, PI-Solve aide \u00e0 emp\u00eacher votre chat d&rsquo;uriner \u00e0 nouveau dans la zone nettoy\u00e9e. PI-Solve est compos\u00e9 d&rsquo;enzymes biologiques qui d\u00e9composent l&rsquo;urine. L&rsquo;odeur d&rsquo;agrumes qui y est ajout\u00e9e emp\u00eache votre chat d&rsquo;uriner \u00e0 nouveau dans la zone nettoy\u00e9e. PI-Solve est [&hellip;]<\/p>\n","protected":false},"author":1,"featured_media":0,"parent":0,"menu_order":0,"comment_status":"closed","ping_status":"closed","template":"","meta":{"_et_pb_use_builder":"on","_et_pb_old_content":"<!-- wp:paragraph -->\r\n<p>This is an example page. It's different from a blog post because it will stay in one place and will show up in your site navigation (in most themes). Most people start with an About page that introduces them to potential site visitors. It might say something like this:<\/p>\r\n<!-- \/wp:paragraph --><!-- wp:quote -->\r\n<blockquote class=\"wp-block-quote\">\r\n<p>Hi there! I'm a bike messenger by day, aspiring actor by night, and this is my website. I live in Los Angeles, have a great dog named Jack, and I like pi\u00f1a coladas. (And gettin' caught in the rain.)<\/p>\r\n<\/blockquote>\r\n<!-- \/wp:quote --><!-- wp:paragraph -->\r\n<p>...or something like this:<\/p>\r\n<!-- \/wp:paragraph --><!-- wp:quote -->\r\n<blockquote class=\"wp-block-quote\">\r\n<p>The XYZ Doohickey Company was founded in 1971, and has been providing quality doohickeys to the public ever since. Located in Gotham City, XYZ employs over 2,000 people and does all kinds of awesome things for the Gotham community.<\/p>\r\n<\/blockquote>\r\n<!-- \/wp:quote --><!-- wp:paragraph -->\r\n<p>As a new WordPress user, you should go to <a href=\"https:\/\/pi-solve.com\/wp-admin\/\">your dashboard<\/a> to delete this page and create new pages for your content. Have fun!<\/p>\r\n<!-- \/wp:paragraph -->","_et_gb_content_width":"","footnotes":""},"class_list":["post-283","page","type-page","status-publish","hentry"],"yoast_head":"<!-- This site is optimized with the Yoast SEO plugin v27.4 - https:\/\/yoast.com\/product\/yoast-seo-wordpress\/ -->\n<title>Nettoyant pour l\u2019urine des chats | PI-Solve verwijdert kattenurine effectief<\/title>\n<meta name=\"description\" content=\"Kattenurine verwijderaar? Ontdek onze effectieve kattenurineverwijderaar. PI-Solve is krachtig in kattenurine vlekken verwijderen\" \/>\n<meta name=\"robots\" content=\"index, follow, max-snippet:-1, max-image-preview:large, max-video-preview:-1\" \/>\n<link rel=\"canonical\" href=\"https:\/\/pi-solve.com\/fr\/\" \/>\n<meta property=\"og:locale\" content=\"fr_FR\" \/>\n<meta property=\"og:type\" content=\"article\" \/>\n<meta property=\"og:title\" content=\"Nettoyant pour l\u2019urine des chats | PI-Solve verwijdert kattenurine effectief\" \/>\n<meta property=\"og:description\" content=\"Kattenurine verwijderaar? Ontdek onze effectieve kattenurineverwijderaar. PI-Solve is krachtig in kattenurine vlekken verwijderen\" \/>\n<meta property=\"og:url\" content=\"https:\/\/pi-solve.com\/fr\/\" \/>\n<meta property=\"og:site_name\" content=\"Kattenurine verwijderaar - PI-Solve\" \/>\n<meta property=\"article:modified_time\" content=\"2023-10-05T12:09:42+00:00\" \/>\n<meta name=\"twitter:card\" content=\"summary_large_image\" \/>\n<meta name=\"twitter:label1\" content=\"Dur\u00e9e de lecture estim\u00e9e\" \/>\n\t<meta name=\"twitter:data1\" content=\"2 minutes\" \/>\n<script type=\"application\/ld+json\" class=\"yoast-schema-graph\">{\"@context\":\"https:\\\/\\\/schema.org\",\"@graph\":[{\"@type\":\"WebPage\",\"@id\":\"https:\\\/\\\/pi-solve.com\\\/fr\\\/\",\"url\":\"https:\\\/\\\/pi-solve.com\\\/fr\\\/\",\"name\":\"Nettoyant pour l\u2019urine des chats | PI-Solve verwijdert kattenurine effectief\",\"isPartOf\":{\"@id\":\"http:\\\/\\\/pi-solve.com\\\/#website\"},\"datePublished\":\"2023-10-02T12:00:42+00:00\",\"dateModified\":\"2023-10-05T12:09:42+00:00\",\"description\":\"Kattenurine verwijderaar? Ontdek onze effectieve kattenurineverwijderaar. PI-Solve is krachtig in kattenurine vlekken verwijderen\",\"breadcrumb\":{\"@id\":\"https:\\\/\\\/pi-solve.com\\\/fr\\\/#breadcrumb\"},\"inLanguage\":\"fr-FR\",\"potentialAction\":[{\"@type\":\"ReadAction\",\"target\":[\"https:\\\/\\\/pi-solve.com\\\/fr\\\/\"]}]},{\"@type\":\"BreadcrumbList\",\"@id\":\"https:\\\/\\\/pi-solve.com\\\/fr\\\/#breadcrumb\",\"itemListElement\":[{\"@type\":\"ListItem\",\"position\":1,\"name\":\"Home\",\"item\":\"https:\\\/\\\/pi-solve.com\\\/fr\\\/\"},{\"@type\":\"ListItem\",\"position\":2,\"name\":\"Nettoyant pour l\u2019urine des chats | PI-Solve\"}]},{\"@type\":\"WebSite\",\"@id\":\"http:\\\/\\\/pi-solve.com\\\/#website\",\"url\":\"http:\\\/\\\/pi-solve.com\\\/\",\"name\":\"Kattenurine verwijderaar - PI-Solve\",\"description\":\"Effectief kattenurine verwijderen\",\"potentialAction\":[{\"@type\":\"SearchAction\",\"target\":{\"@type\":\"EntryPoint\",\"urlTemplate\":\"http:\\\/\\\/pi-solve.com\\\/?s={search_term_string}\"},\"query-input\":{\"@type\":\"PropertyValueSpecification\",\"valueRequired\":true,\"valueName\":\"search_term_string\"}}],\"inLanguage\":\"fr-FR\"}]}<\/script>\n<!-- \/ Yoast SEO plugin. -->","yoast_head_json":{"title":"Nettoyant pour l\u2019urine des chats | PI-Solve verwijdert kattenurine effectief","description":"Kattenurine verwijderaar? Ontdek onze effectieve kattenurineverwijderaar. PI-Solve is krachtig in kattenurine vlekken verwijderen","robots":{"index":"index","follow":"follow","max-snippet":"max-snippet:-1","max-image-preview":"max-image-preview:large","max-video-preview":"max-video-preview:-1"},"canonical":"https:\/\/pi-solve.com\/fr\/","og_locale":"fr_FR","og_type":"article","og_title":"Nettoyant pour l\u2019urine des chats | PI-Solve verwijdert kattenurine effectief","og_description":"Kattenurine verwijderaar? Ontdek onze effectieve kattenurineverwijderaar. PI-Solve is krachtig in kattenurine vlekken verwijderen","og_url":"https:\/\/pi-solve.com\/fr\/","og_site_name":"Kattenurine verwijderaar - PI-Solve","article_modified_time":"2023-10-05T12:09:42+00:00","twitter_card":"summary_large_image","twitter_misc":{"Dur\u00e9e de lecture estim\u00e9e":"2 minutes"},"schema":{"@context":"https:\/\/schema.org","@graph":[{"@type":"WebPage","@id":"https:\/\/pi-solve.com\/fr\/","url":"https:\/\/pi-solve.com\/fr\/","name":"Nettoyant pour l\u2019urine des chats | PI-Solve verwijdert kattenurine effectief","isPartOf":{"@id":"http:\/\/pi-solve.com\/#website"},"datePublished":"2023-10-02T12:00:42+00:00","dateModified":"2023-10-05T12:09:42+00:00","description":"Kattenurine verwijderaar? Ontdek onze effectieve kattenurineverwijderaar. PI-Solve is krachtig in kattenurine vlekken verwijderen","breadcrumb":{"@id":"https:\/\/pi-solve.com\/fr\/#breadcrumb"},"inLanguage":"fr-FR","potentialAction":[{"@type":"ReadAction","target":["https:\/\/pi-solve.com\/fr\/"]}]},{"@type":"BreadcrumbList","@id":"https:\/\/pi-solve.com\/fr\/#breadcrumb","itemListElement":[{"@type":"ListItem","position":1,"name":"Home","item":"https:\/\/pi-solve.com\/fr\/"},{"@type":"ListItem","position":2,"name":"Nettoyant pour l\u2019urine des chats | PI-Solve"}]},{"@type":"WebSite","@id":"http:\/\/pi-solve.com\/#website","url":"http:\/\/pi-solve.com\/","name":"Kattenurine verwijderaar - PI-Solve","description":"Effectief kattenurine verwijderen","potentialAction":[{"@type":"SearchAction","target":{"@type":"EntryPoint","urlTemplate":"http:\/\/pi-solve.com\/?s={search_term_string}"},"query-input":{"@type":"PropertyValueSpecification","valueRequired":true,"valueName":"search_term_string"}}],"inLanguage":"fr-FR"}]}},"_links":{"self":[{"href":"http:\/\/pi-solve.com\/fr\/wp-json\/wp\/v2\/pages\/283","targetHints":{"allow":["GET"]}}],"collection":[{"href":"http:\/\/pi-solve.com\/fr\/wp-json\/wp\/v2\/pages"}],"about":[{"href":"http:\/\/pi-solve.com\/fr\/wp-json\/wp\/v2\/types\/page"}],"author":[{"embeddable":true,"href":"http:\/\/pi-solve.com\/fr\/wp-json\/wp\/v2\/users\/1"}],"replies":[{"embeddable":true,"href":"http:\/\/pi-solve.com\/fr\/wp-json\/wp\/v2\/comments?post=283"}],"version-history":[{"count":9,"href":"http:\/\/pi-solve.com\/fr\/wp-json\/wp\/v2\/pages\/283\/revisions"}],"predecessor-version":[{"id":453,"href":"http:\/\/pi-solve.com\/fr\/wp-json\/wp\/v2\/pages\/283\/revisions\/453"}],"wp:attachment":[{"href":"http:\/\/pi-solve.com\/fr\/wp-json\/wp\/v2\/media?parent=283"}],"curies":[{"name":"wp","href":"https:\/\/api.w.org\/{rel}","templated":true}]}}