{"id":271,"date":"2023-10-04T07:00:53","date_gmt":"2023-10-04T07:00:53","guid":{"rendered":"https:\/\/pi-solve.com\/gebruikershandleiding\/"},"modified":"2023-10-05T12:14:51","modified_gmt":"2023-10-05T12:14:51","slug":"mode-demploi","status":"publish","type":"page","link":"http:\/\/pi-solve.com\/fr\/mode-demploi\/","title":{"rendered":"Mode d&#8217;emploi"},"content":{"rendered":"<p>[et_pb_section fb_built=\u00a0\u00bb1&Prime; next_background_color=\u00a0\u00bb#3DA1DA\u00a0\u00bb _builder_version=\u00a0\u00bb4.22.2&Prime; _module_preset=\u00a0\u00bbdefault\u00a0\u00bb use_background_color_gradient=\u00a0\u00bbon\u00a0\u00bb background_color_gradient_stops=\u00a0\u00bbrgba(30,63,123,0.8) 0%|rgba(30,63,123,0.61) 100%\u00a0\u00bb background_color_gradient_overlays_image=\u00a0\u00bbon\u00a0\u00bb background_image=\u00a0\u00bbhttps:\/\/pi-solve.com\/wp-content\/uploads\/Katten-urine-schoonmaakmiddel-v2.jpg\u00a0\u00bb custom_padding=\u00a0\u00bb0px||0px||true|false\u00a0\u00bb top_divider_color=\u00a0\u00bb#3DA1DA\u00a0\u00bb bottom_divider_style=\u00a0\u00bbasymmetric2&Prime; bottom_divider_height=\u00a0\u00bb50px\u00a0\u00bb global_colors_info=\u00a0\u00bb{}\u00a0\u00bb][et_pb_row _builder_version=\u00a0\u00bb4.22.2&Prime; _module_preset=\u00a0\u00bbdefault\u00a0\u00bb width=\u00a0\u00bb90%\u00a0\u00bb max_width=\u00a0\u00bb76%\u00a0\u00bb custom_padding=\u00a0\u00bb0px||0px||true|false\u00a0\u00bb hover_enabled=\u00a0\u00bb0&Prime; global_colors_info=\u00a0\u00bb{}\u00a0\u00bb custom_padding_last_edited=\u00a0\u00bbon|tablet\u00a0\u00bb sticky_enabled=\u00a0\u00bb0&Prime; custom_padding_tablet=\u00a0\u00bb30px||30px||true|false\u00a0\u00bb custom_padding_phone=\u00a0\u00bb30px||30px||true|false\u00a0\u00bb][et_pb_column type=\u00a0\u00bb4_4&Prime; _builder_version=\u00a0\u00bb4.22.2&Prime; _module_preset=\u00a0\u00bbdefault\u00a0\u00bb global_colors_info=\u00a0\u00bb{}\u00a0\u00bb][et_pb_slider _builder_version=\u00a0\u00bb4.22.2&Prime; _module_preset=\u00a0\u00bbdefault\u00a0\u00bb custom_padding=\u00a0\u00bb5%||5%||true|false\u00a0\u00bb global_colors_info=\u00a0\u00bb{}\u00a0\u00bb][et_pb_slide heading=\u00a0\u00bbMode d&#8217;emploi\u00a0\u00bb _builder_version=\u00a0\u00bb4.22.2&Prime; _module_preset=\u00a0\u00bbdefault\u00a0\u00bb background_color=\u00a0\u00bbrgba(30,63,123,0)\u00a0\u00bb background_enable_color=\u00a0\u00bbon\u00a0\u00bb background_enable_image=\u00a0\u00bboff\u00a0\u00bb global_colors_info=\u00a0\u00bb{}\u00a0\u00bb sticky_transition=\u00a0\u00bbon\u00a0\u00bb][\/et_pb_slide][\/et_pb_slider][\/et_pb_column][\/et_pb_row][\/et_pb_section][et_pb_section fb_built=\u00a0\u00bb1&Prime; next_background_color=\u00a0\u00bb#ffffff\u00a0\u00bb _builder_version=\u00a0\u00bb4.22.2&Prime; _module_preset=\u00a0\u00bbdefault\u00a0\u00bb background_color=\u00a0\u00bb#3DA1DA\u00a0\u00bb bottom_divider_style=\u00a0\u00bbasymmetric2&Prime; bottom_divider_height=\u00a0\u00bb30px\u00a0\u00bb global_colors_info=\u00a0\u00bb{}\u00a0\u00bb][et_pb_row _builder_version=\u00a0\u00bb4.22.2&Prime; _module_preset=\u00a0\u00bbdefault\u00a0\u00bb global_colors_info=\u00a0\u00bb{}\u00a0\u00bb][et_pb_column type=\u00a0\u00bb4_4&Prime; _builder_version=\u00a0\u00bb4.22.2&Prime; _module_preset=\u00a0\u00bbdefault\u00a0\u00bb global_colors_info=\u00a0\u00bb{}\u00a0\u00bb][et_pb_text _builder_version=\u00a0\u00bb4.22.2&Prime; _module_preset=\u00a0\u00bbdefault\u00a0\u00bb background_layout=\u00a0\u00bbdark\u00a0\u00bb global_colors_info=\u00a0\u00bb{}\u00a0\u00bb]PI-Solve ne n\u00e9cessite qu&rsquo;une br\u00e8ve agitation avant utilisation.<\/p>\n<p>V\u00e9rifier d&rsquo;abord la solidit\u00e9 de la couleur sur un endroit peu visible. Tamponnez ensuite la salissure avec du papier absorbant ou un chiffon sec.[\/et_pb_text][\/et_pb_column][\/et_pb_row][et_pb_row column_structure=\u00a0\u00bb1_4,1_4,1_4,1_4&Prime; _builder_version=\u00a0\u00bb4.22.2&Prime; _module_preset=\u00a0\u00bbdefault\u00a0\u00bb custom_padding=\u00a0\u00bb||50px||false|false\u00a0\u00bb global_colors_info=\u00a0\u00bb{}\u00a0\u00bb][et_pb_column type=\u00a0\u00bb1_4&Prime; _builder_version=\u00a0\u00bb4.22.2&Prime; _module_preset=\u00a0\u00bbdefault\u00a0\u00bb global_colors_info=\u00a0\u00bb{}\u00a0\u00bb][et_pb_blurb title=\u00a0\u00bb\u00c9tape 1&Prime; image=\u00a0\u00bbhttps:\/\/pi-solve.com\/wp-content\/uploads\/spray-kattenurine-verwijderaar.webp\u00a0\u00bb alt=\u00a0\u00bbSpray kattenurine verwijderaar op de vlek\u00a0\u00bb _builder_version=\u00a0\u00bb4.22.2&Prime; _module_preset=\u00a0\u00bbdefault\u00a0\u00bb text_orientation=\u00a0\u00bbcenter\u00a0\u00bb background_layout=\u00a0\u00bbdark\u00a0\u00bb animation_style=\u00a0\u00bbfade\u00a0\u00bb animation_delay=\u00a0\u00bb500ms\u00a0\u00bb global_colors_info=\u00a0\u00bb{}\u00a0\u00bb]Vaporiser sur la tache[\/et_pb_blurb][\/et_pb_column][et_pb_column type=\u00a0\u00bb1_4&Prime; _builder_version=\u00a0\u00bb4.22.2&Prime; _module_preset=\u00a0\u00bbdefault\u00a0\u00bb global_colors_info=\u00a0\u00bb{}\u00a0\u00bb][et_pb_blurb title=\u00a0\u00bb\u00c9tape 2&Prime; image=\u00a0\u00bbhttps:\/\/pi-solve.com\/wp-content\/uploads\/kattenurine-verwijderaar-intrekken.webp\u00a0\u00bb alt=\u00a0\u00bbkattenurine verwijderaar in laten trekken\u00a0\u00bb _builder_version=\u00a0\u00bb4.22.2&Prime; _module_preset=\u00a0\u00bbdefault\u00a0\u00bb text_orientation=\u00a0\u00bbcenter\u00a0\u00bb background_layout=\u00a0\u00bbdark\u00a0\u00bb animation_style=\u00a0\u00bbfade\u00a0\u00bb animation_delay=\u00a0\u00bb1000ms\u00a0\u00bb global_colors_info=\u00a0\u00bb{}\u00a0\u00bb]Laisser poser 2 heures[\/et_pb_blurb][\/et_pb_column][et_pb_column type=\u00a0\u00bb1_4&Prime; _builder_version=\u00a0\u00bb4.22.2&Prime; _module_preset=\u00a0\u00bbdefault\u00a0\u00bb global_colors_info=\u00a0\u00bb{}\u00a0\u00bb][et_pb_blurb title=\u00a0\u00bb\u00c9tape 3&Prime; image=\u00a0\u00bbhttps:\/\/pi-solve.com\/wp-content\/uploads\/boen-op-kattenurine-verwijderaar.webp\u00a0\u00bb alt=\u00a0\u00bbBoen op de kattenurine verwijderaar\u00a0\u00bb _builder_version=\u00a0\u00bb4.22.2&Prime; _module_preset=\u00a0\u00bbdefault\u00a0\u00bb text_orientation=\u00a0\u00bbcenter\u00a0\u00bb background_layout=\u00a0\u00bbdark\u00a0\u00bb animation_style=\u00a0\u00bbfade\u00a0\u00bb animation_delay=\u00a0\u00bb1500ms\u00a0\u00bb global_colors_info=\u00a0\u00bb{}\u00a0\u00bb]Frotter sur la tache[\/et_pb_blurb][\/et_pb_column][et_pb_column type=\u00a0\u00bb1_4&Prime; _builder_version=\u00a0\u00bb4.22.2&Prime; _module_preset=\u00a0\u00bbdefault\u00a0\u00bb global_colors_info=\u00a0\u00bb{}\u00a0\u00bb][et_pb_blurb title=\u00a0\u00bb\u00c9tape 4&Prime; image=\u00a0\u00bbhttps:\/\/pi-solve.com\/wp-content\/uploads\/kattenurine-verwijderaar-afnemen.webp\u00a0\u00bb alt=\u00a0\u00bbBoen op de kattenurine verwijderaar\u00a0\u00bb _builder_version=\u00a0\u00bb4.22.2&Prime; _module_preset=\u00a0\u00bbdefault\u00a0\u00bb text_orientation=\u00a0\u00bbcenter\u00a0\u00bb background_layout=\u00a0\u00bbdark\u00a0\u00bb animation_style=\u00a0\u00bbfade\u00a0\u00bb animation_delay=\u00a0\u00bb2000ms\u00a0\u00bb global_colors_info=\u00a0\u00bb{}\u00a0\u00bb]Nettoyer avec un chiffon humide[\/et_pb_blurb][\/et_pb_column][\/et_pb_row][\/et_pb_section][et_pb_section fb_built=\u00a0\u00bb1&Prime; _builder_version=\u00a0\u00bb4.22.2&Prime; _module_preset=\u00a0\u00bbdefault\u00a0\u00bb global_colors_info=\u00a0\u00bb{}\u00a0\u00bb][et_pb_row column_structure=\u00a0\u00bb2_3,1_3&Prime; _builder_version=\u00a0\u00bb4.22.2&Prime; _module_preset=\u00a0\u00bbdefault\u00a0\u00bb custom_margin=\u00a0\u00bb20px||20px||false|false\u00a0\u00bb custom_padding=\u00a0\u00bb20px|20px|20px|20px|false|false\u00a0\u00bb box_shadow_style=\u00a0\u00bbpreset1&Prime; global_colors_info=\u00a0\u00bb{}\u00a0\u00bb][et_pb_column type=\u00a0\u00bb2_3&Prime; _builder_version=\u00a0\u00bb4.22.2&Prime; _module_preset=\u00a0\u00bbdefault\u00a0\u00bb global_colors_info=\u00a0\u00bb{}\u00a0\u00bb][et_pb_text _builder_version=\u00a0\u00bb4.22.2&Prime; _module_preset=\u00a0\u00bbdefault\u00a0\u00bb text_text_color=\u00a0\u00bb#1E3F7B\u00a0\u00bb header_2_text_color=\u00a0\u00bb#1E3F7B\u00a0\u00bb global_colors_info=\u00a0\u00bb{}\u00a0\u00bb]<\/p>\n<h2>Rev\u00eatement de sol, matelas ou meubles<\/h2>\n<p>Vaporiser g\u00e9n\u00e9reusement la zone \u00e0 traiter avec PI-Solve. Vaporisez g\u00e9n\u00e9reusement sur la tache humide ou sale visible. Une tache d&rsquo;urine est souvent beaucoup plus grande que ce qui est visible \u00e0 la surface d&rsquo;un meuble, d&rsquo;un matelas ou d&rsquo;un tapis. Il convient donc d&rsquo;appliquer PI-Solve g\u00e9n\u00e9reusement autour de la tache.<\/p>\n<p>Les enzymes ont besoin de temps pour faire leur travail de d\u00e9composition, laissez PI-Solve s\u00e9cher. Le s\u00e9chage peut prendre de quelques heures \u00e0 une journ\u00e9e. En cas de salissure importante, vous pouvez recouvrir la zone inject\u00e9e d&rsquo;un chiffon humidifi\u00e9 avec PI-Solve clean afin d&rsquo;\u00e9viter un s\u00e9chage rapide.<\/p>\n<p>Apr\u00e8s le s\u00e9chage, rincez la tache \u00e0 l&rsquo;eau claire et s\u00e9chez-la en la tapotant avec du papier de cuisine ou un essuie-tout. Si vous disposez d&rsquo;un aspirateur \u00ab\u00a0wet-dry\u00a0\u00bb, il est recommand\u00e9 de l&rsquo;utiliser.<\/p>\n<p>Si n\u00e9cessaire, r\u00e9p\u00e9tez le traitement.<\/p>\n<p>[\/et_pb_text][et_pb_text _builder_version=\u00a0\u00bb4.22.2&Prime; _module_preset=\u00a0\u00bbdefault\u00a0\u00bb text_text_color=\u00a0\u00bb#1E3F7B\u00a0\u00bb header_2_text_color=\u00a0\u00bb#1E3F7B\u00a0\u00bb global_colors_info=\u00a0\u00bb{}\u00a0\u00bb]<\/p>\n<h2>Textiles et v\u00eatements<\/h2>\n<p>Pulv\u00e9risez g\u00e9n\u00e9reusement PI-Solve sur la salissure et laissez agir l&rsquo;agent pendant au moins deux heures. Apr\u00e8s le temps de trempage, vous pouvez laver le v\u00eatement ou le textile trait\u00e9 dans la machine \u00e0 laver. Nous recommandons d&rsquo;utiliser un programme de lavage qui n&rsquo;est pas trop chaud, maximum 60 degr\u00e9s.<\/p>\n<p>N&rsquo;utilisez pas PI-Solve en combinaison avec d&rsquo;autres d\u00e9tergents. Une tache trait\u00e9e pr\u00e9c\u00e9demment avec un d\u00e9tergent ordinaire est plus difficile \u00e0 nettoyer.<\/p>\n<p>[\/et_pb_text][\/et_pb_column][et_pb_column type=\u00a0\u00bb1_3&Prime; _builder_version=\u00a0\u00bb4.22.2&Prime; _module_preset=\u00a0\u00bbdefault\u00a0\u00bb global_colors_info=\u00a0\u00bb{}\u00a0\u00bb][et_pb_blurb title=\u00a0\u00bbProduit durable\u00a0\u00bb use_icon=\u00a0\u00bbon\u00a0\u00bb font_icon=\u00a0\u00bb&#xf299;||fa||400&Prime; icon_color=\u00a0\u00bb#42bc29&Prime; icon_placement=\u00a0\u00bbleft\u00a0\u00bb image_icon_width=\u00a0\u00bb39px\u00a0\u00bb _builder_version=\u00a0\u00bb4.22.2&Prime; _module_preset=\u00a0\u00bbdefault\u00a0\u00bb background_color=\u00a0\u00bb#1E3F7B\u00a0\u00bb background_layout=\u00a0\u00bbdark\u00a0\u00bb custom_padding=\u00a0\u00bb20px|20px|20px|20px|true|true\u00a0\u00bb animation_style=\u00a0\u00bbfade\u00a0\u00bb border_radii=\u00a0\u00bboff|50px||50px|\u00a0\u00bb box_shadow_style=\u00a0\u00bbpreset1&Prime; global_module=\u00a0\u00bb398&Prime; saved_tabs=\u00a0\u00bball\u00a0\u00bb global_colors_info=\u00a0\u00bb{}\u00a0\u00bb]<\/p>\n<p>Notre objectif est que nos produits ne nuisent pas \u00e0 l&rsquo;environnement. Tous les emballages utilis\u00e9s pour PI-Solve sont compos\u00e9s \u00e0 100 % de mat\u00e9riaux recycl\u00e9s de mani\u00e8re responsable. Nous vous demandons \u00e9galement de ne pas jeter les emballages vides avec les d\u00e9chets r\u00e9siduels, mais de les \u00e9liminer afin qu&rsquo;ils puissent \u00eatre r\u00e9utilis\u00e9s.<\/p>\n<p>[\/et_pb_blurb][\/et_pb_column][\/et_pb_row][\/et_pb_section]<\/p>\n","protected":false},"excerpt":{"rendered":"<p>PI-Solve ne n\u00e9cessite qu&rsquo;une br\u00e8ve agitation avant utilisation. V\u00e9rifier d&rsquo;abord la solidit\u00e9 de la couleur sur un endroit peu visible. Tamponnez ensuite la salissure avec du papier absorbant ou un chiffon sec.Vaporiser sur la tacheLaisser poser 2 heuresFrotter sur la tacheNettoyer avec un chiffon humideRev\u00eatement de sol, matelas ou meubles Vaporiser g\u00e9n\u00e9reusement la zone \u00e0 [&hellip;]<\/p>\n","protected":false},"author":1,"featured_media":0,"parent":0,"menu_order":1,"comment_status":"closed","ping_status":"closed","template":"","meta":{"_et_pb_use_builder":"on","_et_pb_old_content":"<!-- wp:paragraph -->\r\n<p>This is an example page. It's different from a blog post because it will stay in one place and will show up in your site navigation (in most themes). Most people start with an About page that introduces them to potential site visitors. It might say something like this:<\/p>\r\n<!-- \/wp:paragraph --><!-- wp:quote -->\r\n<blockquote class=\"wp-block-quote\">\r\n<p>Hi there! I'm a bike messenger by day, aspiring actor by night, and this is my website. I live in Los Angeles, have a great dog named Jack, and I like pi\u00f1a coladas. (And gettin' caught in the rain.)<\/p>\r\n<\/blockquote>\r\n<!-- \/wp:quote --><!-- wp:paragraph -->\r\n<p>...or something like this:<\/p>\r\n<!-- \/wp:paragraph --><!-- wp:quote -->\r\n<blockquote class=\"wp-block-quote\">\r\n<p>The XYZ Doohickey Company was founded in 1971, and has been providing quality doohickeys to the public ever since. Located in Gotham City, XYZ employs over 2,000 people and does all kinds of awesome things for the Gotham community.<\/p>\r\n<\/blockquote>\r\n<!-- \/wp:quote --><!-- wp:paragraph -->\r\n<p>As a new WordPress user, you should go to <a href=\"https:\/\/pi-solve.com\/wp-admin\/\">your dashboard<\/a> to delete this page and create new pages for your content. Have fun!<\/p>\r\n<!-- \/wp:paragraph -->","_et_gb_content_width":"","footnotes":""},"class_list":["post-271","page","type-page","status-publish","hentry"],"yoast_head":"<!-- This site is optimized with the Yoast SEO plugin v27.4 - https:\/\/yoast.com\/product\/yoast-seo-wordpress\/ -->\n<title>Mode d&#039;emploi - Kattenurine verwijderaar - PI-Solve<\/title>\n<meta name=\"robots\" content=\"index, follow, max-snippet:-1, max-image-preview:large, max-video-preview:-1\" \/>\n<link rel=\"canonical\" href=\"https:\/\/pi-solve.com\/fr\/mode-demploi\/\" \/>\n<meta property=\"og:locale\" content=\"fr_FR\" \/>\n<meta property=\"og:type\" content=\"article\" \/>\n<meta property=\"og:title\" content=\"Mode d&#039;emploi - Kattenurine verwijderaar - PI-Solve\" \/>\n<meta property=\"og:description\" content=\"PI-Solve ne n\u00e9cessite qu&#039;une br\u00e8ve agitation avant utilisation. V\u00e9rifier d&#039;abord la solidit\u00e9 de la couleur sur un endroit peu visible. Tamponnez ensuite la salissure avec du papier absorbant ou un chiffon sec.Vaporiser sur la tacheLaisser poser 2 heuresFrotter sur la tacheNettoyer avec un chiffon humideRev\u00eatement de sol, matelas ou meubles Vaporiser g\u00e9n\u00e9reusement la zone \u00e0 [&hellip;]\" \/>\n<meta property=\"og:url\" content=\"https:\/\/pi-solve.com\/fr\/mode-demploi\/\" \/>\n<meta property=\"og:site_name\" content=\"Kattenurine verwijderaar - PI-Solve\" \/>\n<meta property=\"article:modified_time\" content=\"2023-10-05T12:14:51+00:00\" \/>\n<meta name=\"twitter:card\" content=\"summary_large_image\" \/>\n<meta name=\"twitter:label1\" content=\"Dur\u00e9e de lecture estim\u00e9e\" \/>\n\t<meta name=\"twitter:data1\" content=\"3 minutes\" \/>\n<script type=\"application\/ld+json\" class=\"yoast-schema-graph\">{\"@context\":\"https:\\\/\\\/schema.org\",\"@graph\":[{\"@type\":\"WebPage\",\"@id\":\"https:\\\/\\\/pi-solve.com\\\/fr\\\/mode-demploi\\\/\",\"url\":\"https:\\\/\\\/pi-solve.com\\\/fr\\\/mode-demploi\\\/\",\"name\":\"Mode d'emploi - Kattenurine verwijderaar - PI-Solve\",\"isPartOf\":{\"@id\":\"http:\\\/\\\/pi-solve.com\\\/#website\"},\"datePublished\":\"2023-10-04T07:00:53+00:00\",\"dateModified\":\"2023-10-05T12:14:51+00:00\",\"breadcrumb\":{\"@id\":\"https:\\\/\\\/pi-solve.com\\\/fr\\\/mode-demploi\\\/#breadcrumb\"},\"inLanguage\":\"fr-FR\",\"potentialAction\":[{\"@type\":\"ReadAction\",\"target\":[\"https:\\\/\\\/pi-solve.com\\\/fr\\\/mode-demploi\\\/\"]}]},{\"@type\":\"BreadcrumbList\",\"@id\":\"https:\\\/\\\/pi-solve.com\\\/fr\\\/mode-demploi\\\/#breadcrumb\",\"itemListElement\":[{\"@type\":\"ListItem\",\"position\":1,\"name\":\"Home\",\"item\":\"https:\\\/\\\/pi-solve.com\\\/fr\\\/\"},{\"@type\":\"ListItem\",\"position\":2,\"name\":\"Mode d&#8217;emploi\"}]},{\"@type\":\"WebSite\",\"@id\":\"http:\\\/\\\/pi-solve.com\\\/#website\",\"url\":\"http:\\\/\\\/pi-solve.com\\\/\",\"name\":\"Kattenurine verwijderaar - PI-Solve\",\"description\":\"Effectief kattenurine verwijderen\",\"potentialAction\":[{\"@type\":\"SearchAction\",\"target\":{\"@type\":\"EntryPoint\",\"urlTemplate\":\"http:\\\/\\\/pi-solve.com\\\/?s={search_term_string}\"},\"query-input\":{\"@type\":\"PropertyValueSpecification\",\"valueRequired\":true,\"valueName\":\"search_term_string\"}}],\"inLanguage\":\"fr-FR\"}]}<\/script>\n<!-- \/ Yoast SEO plugin. -->","yoast_head_json":{"title":"Mode d'emploi - Kattenurine verwijderaar - PI-Solve","robots":{"index":"index","follow":"follow","max-snippet":"max-snippet:-1","max-image-preview":"max-image-preview:large","max-video-preview":"max-video-preview:-1"},"canonical":"https:\/\/pi-solve.com\/fr\/mode-demploi\/","og_locale":"fr_FR","og_type":"article","og_title":"Mode d'emploi - Kattenurine verwijderaar - PI-Solve","og_description":"PI-Solve ne n\u00e9cessite qu'une br\u00e8ve agitation avant utilisation. V\u00e9rifier d'abord la solidit\u00e9 de la couleur sur un endroit peu visible. Tamponnez ensuite la salissure avec du papier absorbant ou un chiffon sec.Vaporiser sur la tacheLaisser poser 2 heuresFrotter sur la tacheNettoyer avec un chiffon humideRev\u00eatement de sol, matelas ou meubles Vaporiser g\u00e9n\u00e9reusement la zone \u00e0 [&hellip;]","og_url":"https:\/\/pi-solve.com\/fr\/mode-demploi\/","og_site_name":"Kattenurine verwijderaar - PI-Solve","article_modified_time":"2023-10-05T12:14:51+00:00","twitter_card":"summary_large_image","twitter_misc":{"Dur\u00e9e de lecture estim\u00e9e":"3 minutes"},"schema":{"@context":"https:\/\/schema.org","@graph":[{"@type":"WebPage","@id":"https:\/\/pi-solve.com\/fr\/mode-demploi\/","url":"https:\/\/pi-solve.com\/fr\/mode-demploi\/","name":"Mode d'emploi - Kattenurine verwijderaar - PI-Solve","isPartOf":{"@id":"http:\/\/pi-solve.com\/#website"},"datePublished":"2023-10-04T07:00:53+00:00","dateModified":"2023-10-05T12:14:51+00:00","breadcrumb":{"@id":"https:\/\/pi-solve.com\/fr\/mode-demploi\/#breadcrumb"},"inLanguage":"fr-FR","potentialAction":[{"@type":"ReadAction","target":["https:\/\/pi-solve.com\/fr\/mode-demploi\/"]}]},{"@type":"BreadcrumbList","@id":"https:\/\/pi-solve.com\/fr\/mode-demploi\/#breadcrumb","itemListElement":[{"@type":"ListItem","position":1,"name":"Home","item":"https:\/\/pi-solve.com\/fr\/"},{"@type":"ListItem","position":2,"name":"Mode d&#8217;emploi"}]},{"@type":"WebSite","@id":"http:\/\/pi-solve.com\/#website","url":"http:\/\/pi-solve.com\/","name":"Kattenurine verwijderaar - PI-Solve","description":"Effectief kattenurine verwijderen","potentialAction":[{"@type":"SearchAction","target":{"@type":"EntryPoint","urlTemplate":"http:\/\/pi-solve.com\/?s={search_term_string}"},"query-input":{"@type":"PropertyValueSpecification","valueRequired":true,"valueName":"search_term_string"}}],"inLanguage":"fr-FR"}]}},"_links":{"self":[{"href":"http:\/\/pi-solve.com\/fr\/wp-json\/wp\/v2\/pages\/271","targetHints":{"allow":["GET"]}}],"collection":[{"href":"http:\/\/pi-solve.com\/fr\/wp-json\/wp\/v2\/pages"}],"about":[{"href":"http:\/\/pi-solve.com\/fr\/wp-json\/wp\/v2\/types\/page"}],"author":[{"embeddable":true,"href":"http:\/\/pi-solve.com\/fr\/wp-json\/wp\/v2\/users\/1"}],"replies":[{"embeddable":true,"href":"http:\/\/pi-solve.com\/fr\/wp-json\/wp\/v2\/comments?post=271"}],"version-history":[{"count":5,"href":"http:\/\/pi-solve.com\/fr\/wp-json\/wp\/v2\/pages\/271\/revisions"}],"predecessor-version":[{"id":460,"href":"http:\/\/pi-solve.com\/fr\/wp-json\/wp\/v2\/pages\/271\/revisions\/460"}],"wp:attachment":[{"href":"http:\/\/pi-solve.com\/fr\/wp-json\/wp\/v2\/media?parent=271"}],"curies":[{"name":"wp","href":"https:\/\/api.w.org\/{rel}","templated":true}]}}