{"id":287,"date":"2023-10-02T12:00:42","date_gmt":"2023-10-02T12:00:42","guid":{"rendered":"https:\/\/pi-solve.com\/home\/"},"modified":"2023-10-05T12:12:02","modified_gmt":"2023-10-05T12:12:02","slug":"home","status":"publish","type":"page","link":"http:\/\/pi-solve.com\/es\/","title":{"rendered":"Elimina completamente la orina de gato | PI-Solve"},"content":{"rendered":"<p>[et_pb_section fb_built=\u00bb1&#8243; next_background_color=\u00bb#3DA1DA\u00bb _builder_version=\u00bb4.22.2&#8243; _module_preset=\u00bbdefault\u00bb use_background_color_gradient=\u00bbon\u00bb background_color_gradient_stops=\u00bbrgba(30,63,123,0.8) 0%|rgba(30,63,123,0.61) 100%\u00bb background_color_gradient_overlays_image=\u00bbon\u00bb background_image=\u00bbhttps:\/\/pi-solve.com\/wp-content\/uploads\/Katten-urine-schoonmaakmiddel-v2.jpg\u00bb custom_padding=\u00bb0px||0px||true|false\u00bb top_divider_color=\u00bb#3DA1DA\u00bb bottom_divider_style=\u00bbasymmetric2&#8243; bottom_divider_height=\u00bb50px\u00bb global_colors_info=\u00bb{}\u00bb][et_pb_row _builder_version=\u00bb4.22.2&#8243; _module_preset=\u00bbdefault\u00bb width=\u00bb90%\u00bb max_width=\u00bb76%\u00bb custom_padding=\u00bb0px||0px||true|false\u00bb hover_enabled=\u00bb0&#8243; global_colors_info=\u00bb{}\u00bb custom_padding_last_edited=\u00bbon|tablet\u00bb sticky_enabled=\u00bb0&#8243; custom_padding_tablet=\u00bb30px||30px||true|false\u00bb custom_padding_phone=\u00bb30px||30px||true|false\u00bb][et_pb_column type=\u00bb4_4&#8243; _builder_version=\u00bb4.22.2&#8243; _module_preset=\u00bbdefault\u00bb global_colors_info=\u00bb{}\u00bb][et_pb_slider _builder_version=\u00bb4.22.2&#8243; _module_preset=\u00bbdefault\u00bb text_orientation=\u00bbleft\u00bb custom_padding=\u00bb12%||12%||true|false\u00bb hover_enabled=\u00bb0&#8243; global_colors_info=\u00bb{}\u00bb sticky_enabled=\u00bb0&#8243;][et_pb_slide heading=\u00bbPI-Solve, elimina completamente la orina de gato\u00bb button_link=\u00bbhttps:\/\/pi-solve.com\/gebruikershandleiding\/\u00bb image=\u00bbhttps:\/\/pi-solve.com\/wp-content\/uploads\/PI-Solve-urine-verwijderaar.png\u00bb _builder_version=\u00bb4.22.2&#8243; _module_preset=\u00bbdefault\u00bb background_color=\u00bbrgba(30,63,123,0)\u00bb background_enable_color=\u00bbon\u00bb background_enable_image=\u00bboff\u00bb hover_enabled=\u00bb0&#8243; custom_css_slide_description=\u00bbfloat: left;||padding-left: 100px;\u00bb custom_css_slide_image=\u00bbright: -150px;\u00bb global_colors_info=\u00bb{}\u00bb sticky_transition=\u00bbon\u00bb custom_css_slide_description_last_edited=\u00bbon|tablet\u00bb sticky_enabled=\u00bb0&#8243; custom_css_slide_description_tablet=\u00bbfloat: none;||\u00bb custom_css_slide_description_phone=\u00bbfloat: none;||\u00bb][\/et_pb_slide][\/et_pb_slider][\/et_pb_column][\/et_pb_row][\/et_pb_section][et_pb_section fb_built=\u00bb1&#8243; _builder_version=\u00bb4.22.2&#8243; _module_preset=\u00bbdefault\u00bb background_color=\u00bb#3DA1DA\u00bb global_colors_info=\u00bb{}\u00bb][et_pb_row column_structure=\u00bb1_3,2_3&#8243; _builder_version=\u00bb4.22.2&#8243; _module_preset=\u00bbdefault\u00bb global_colors_info=\u00bb{}\u00bb][et_pb_column type=\u00bb1_3&#8243; _builder_version=\u00bb4.22.2&#8243; _module_preset=\u00bbdefault\u00bb global_colors_info=\u00bb{}\u00bb][et_pb_image src=\u00bbhttps:\/\/pi-solve.com\/wp-content\/uploads\/Kattenurine-verwijderen.jpg\u00bb alt=\u00bbKattenurine verwijderen\u00bb title_text=\u00bbKattenurine verwijderen\u00bb align_tablet=\u00bb\u00bb align_phone=\u00bbcenter\u00bb align_last_edited=\u00bbon|phone\u00bb _builder_version=\u00bb4.22.2&#8243; _module_preset=\u00bbdefault\u00bb width=\u00bb300px\u00bb animation_style=\u00bbslide\u00bb animation_direction=\u00bbleft\u00bb hover_enabled=\u00bb0&#8243; global_colors_info=\u00bb{}\u00bb align=\u00bbcenter\u00bb sticky_enabled=\u00bb0&#8243;][\/et_pb_image][\/et_pb_column][et_pb_column type=\u00bb2_3&#8243; _builder_version=\u00bb4.22.2&#8243; _module_preset=\u00bbdefault\u00bb animation_style=\u00bbfade\u00bb global_colors_info=\u00bb{}\u00bb][et_pb_text _builder_version=\u00bb4.22.2&#8243; _module_preset=\u00bbdefault\u00bb background_layout=\u00bbdark\u00bb global_colors_info=\u00bb{}\u00bb]<\/p>\n<p>PI-Solve es el eliminador de orina que garantiza la eliminaci\u00f3n del olor y las manchas. Adem\u00e1s, PI-Sove ayuda a evitar que su gato vuelva a orinar en la zona limpiada. PI-Solve est\u00e1 compuesto por enzimas biol\u00f3gicas que descomponen la orina. El aroma c\u00edtrico a\u00f1adido ayuda a evitar que su gato vuelva a orinar en la zona limpiada.<\/p>\n<p>PI-Solve es f\u00e1cil de usar y puede utilizarse en suelos de madera y laminados. Adem\u00e1s, PI-Solve es seguro para todos sus textiles y ante.<\/p>\n<p>[\/et_pb_text][et_pb_text module_id=\u00bbvinkjes\u00bb module_class=\u00bbvinkjes\u00bb _builder_version=\u00bb4.22.2&#8243; _module_preset=\u00bbdefault\u00bb background_layout=\u00bbdark\u00bb global_colors_info=\u00bb{}\u00bb]<\/p>\n<ul>\n<li>Garantiza la eliminaci\u00f3n de olores y manchas<\/li>\n<li>Ayuda a evitar que la zona limpiada vuelva a ensuciarse<\/li>\n<li>Apto para perros, gatos y orina de roedores<\/li>\n<li>Elimina los restos de sangre, orina y heces de perros, gatos y roedores<\/li>\n<li>A la venta en tiendas de mascotas<\/li>\n<\/ul>\n<p>[\/et_pb_text][\/et_pb_column][\/et_pb_row][\/et_pb_section]<\/p>\n","protected":false},"excerpt":{"rendered":"<p>PI-Solve es el eliminador de orina que garantiza la eliminaci\u00f3n del olor y las manchas. Adem\u00e1s, PI-Sove ayuda a evitar que su gato vuelva a orinar en la zona limpiada. PI-Solve est\u00e1 compuesto por enzimas biol\u00f3gicas que descomponen la orina. El aroma c\u00edtrico a\u00f1adido ayuda a evitar que su gato vuelva a orinar en la [&hellip;]<\/p>\n","protected":false},"author":1,"featured_media":0,"parent":0,"menu_order":0,"comment_status":"closed","ping_status":"closed","template":"","meta":{"_et_pb_use_builder":"on","_et_pb_old_content":"<!-- wp:paragraph -->\r\n<p>This is an example page. It's different from a blog post because it will stay in one place and will show up in your site navigation (in most themes). Most people start with an About page that introduces them to potential site visitors. It might say something like this:<\/p>\r\n<!-- \/wp:paragraph --><!-- wp:quote -->\r\n<blockquote class=\"wp-block-quote\">\r\n<p>Hi there! I'm a bike messenger by day, aspiring actor by night, and this is my website. I live in Los Angeles, have a great dog named Jack, and I like pi\u00f1a coladas. (And gettin' caught in the rain.)<\/p>\r\n<\/blockquote>\r\n<!-- \/wp:quote --><!-- wp:paragraph -->\r\n<p>...or something like this:<\/p>\r\n<!-- \/wp:paragraph --><!-- wp:quote -->\r\n<blockquote class=\"wp-block-quote\">\r\n<p>The XYZ Doohickey Company was founded in 1971, and has been providing quality doohickeys to the public ever since. Located in Gotham City, XYZ employs over 2,000 people and does all kinds of awesome things for the Gotham community.<\/p>\r\n<\/blockquote>\r\n<!-- \/wp:quote --><!-- wp:paragraph -->\r\n<p>As a new WordPress user, you should go to <a href=\"https:\/\/pi-solve.com\/wp-admin\/\">your dashboard<\/a> to delete this page and create new pages for your content. Have fun!<\/p>\r\n<!-- \/wp:paragraph -->","_et_gb_content_width":"","footnotes":""},"class_list":["post-287","page","type-page","status-publish","hentry"],"yoast_head":"<!-- This site is optimized with the Yoast SEO plugin v27.4 - https:\/\/yoast.com\/product\/yoast-seo-wordpress\/ -->\n<title>Elimina completamente la orina de gato | PI-Solve verwijdert kattenurine effectief<\/title>\n<meta name=\"description\" content=\"Kattenurine verwijderaar? Ontdek onze effectieve kattenurineverwijderaar. PI-Solve is krachtig in kattenurine vlekken verwijderen\" \/>\n<meta name=\"robots\" content=\"index, follow, max-snippet:-1, max-image-preview:large, max-video-preview:-1\" \/>\n<link rel=\"canonical\" href=\"https:\/\/pi-solve.com\/es\/\" \/>\n<meta property=\"og:locale\" content=\"es_ES\" \/>\n<meta property=\"og:type\" content=\"article\" \/>\n<meta property=\"og:title\" content=\"Elimina completamente la orina de gato | PI-Solve verwijdert kattenurine effectief\" \/>\n<meta property=\"og:description\" content=\"Kattenurine verwijderaar? Ontdek onze effectieve kattenurineverwijderaar. PI-Solve is krachtig in kattenurine vlekken verwijderen\" \/>\n<meta property=\"og:url\" content=\"https:\/\/pi-solve.com\/es\/\" \/>\n<meta property=\"og:site_name\" content=\"Kattenurine verwijderaar - PI-Solve\" \/>\n<meta property=\"article:modified_time\" content=\"2023-10-05T12:12:02+00:00\" \/>\n<meta name=\"twitter:card\" content=\"summary_large_image\" \/>\n<meta name=\"twitter:label1\" content=\"Tiempo de lectura\" \/>\n\t<meta name=\"twitter:data1\" content=\"2 minutos\" \/>\n<script type=\"application\/ld+json\" class=\"yoast-schema-graph\">{\"@context\":\"https:\\\/\\\/schema.org\",\"@graph\":[{\"@type\":\"WebPage\",\"@id\":\"https:\\\/\\\/pi-solve.com\\\/es\\\/\",\"url\":\"https:\\\/\\\/pi-solve.com\\\/es\\\/\",\"name\":\"Elimina completamente la orina de gato | PI-Solve verwijdert kattenurine effectief\",\"isPartOf\":{\"@id\":\"http:\\\/\\\/pi-solve.com\\\/#website\"},\"datePublished\":\"2023-10-02T12:00:42+00:00\",\"dateModified\":\"2023-10-05T12:12:02+00:00\",\"description\":\"Kattenurine verwijderaar? Ontdek onze effectieve kattenurineverwijderaar. PI-Solve is krachtig in kattenurine vlekken verwijderen\",\"breadcrumb\":{\"@id\":\"https:\\\/\\\/pi-solve.com\\\/es\\\/#breadcrumb\"},\"inLanguage\":\"es\",\"potentialAction\":[{\"@type\":\"ReadAction\",\"target\":[\"https:\\\/\\\/pi-solve.com\\\/es\\\/\"]}]},{\"@type\":\"BreadcrumbList\",\"@id\":\"https:\\\/\\\/pi-solve.com\\\/es\\\/#breadcrumb\",\"itemListElement\":[{\"@type\":\"ListItem\",\"position\":1,\"name\":\"Home\",\"item\":\"https:\\\/\\\/pi-solve.com\\\/es\\\/\"},{\"@type\":\"ListItem\",\"position\":2,\"name\":\"Elimina completamente la orina de gato | PI-Solve\"}]},{\"@type\":\"WebSite\",\"@id\":\"http:\\\/\\\/pi-solve.com\\\/#website\",\"url\":\"http:\\\/\\\/pi-solve.com\\\/\",\"name\":\"Kattenurine verwijderaar - PI-Solve\",\"description\":\"Effectief kattenurine verwijderen\",\"potentialAction\":[{\"@type\":\"SearchAction\",\"target\":{\"@type\":\"EntryPoint\",\"urlTemplate\":\"http:\\\/\\\/pi-solve.com\\\/?s={search_term_string}\"},\"query-input\":{\"@type\":\"PropertyValueSpecification\",\"valueRequired\":true,\"valueName\":\"search_term_string\"}}],\"inLanguage\":\"es\"}]}<\/script>\n<!-- \/ Yoast SEO plugin. -->","yoast_head_json":{"title":"Elimina completamente la orina de gato | PI-Solve verwijdert kattenurine effectief","description":"Kattenurine verwijderaar? Ontdek onze effectieve kattenurineverwijderaar. PI-Solve is krachtig in kattenurine vlekken verwijderen","robots":{"index":"index","follow":"follow","max-snippet":"max-snippet:-1","max-image-preview":"max-image-preview:large","max-video-preview":"max-video-preview:-1"},"canonical":"https:\/\/pi-solve.com\/es\/","og_locale":"es_ES","og_type":"article","og_title":"Elimina completamente la orina de gato | PI-Solve verwijdert kattenurine effectief","og_description":"Kattenurine verwijderaar? Ontdek onze effectieve kattenurineverwijderaar. PI-Solve is krachtig in kattenurine vlekken verwijderen","og_url":"https:\/\/pi-solve.com\/es\/","og_site_name":"Kattenurine verwijderaar - PI-Solve","article_modified_time":"2023-10-05T12:12:02+00:00","twitter_card":"summary_large_image","twitter_misc":{"Tiempo de lectura":"2 minutos"},"schema":{"@context":"https:\/\/schema.org","@graph":[{"@type":"WebPage","@id":"https:\/\/pi-solve.com\/es\/","url":"https:\/\/pi-solve.com\/es\/","name":"Elimina completamente la orina de gato | PI-Solve verwijdert kattenurine effectief","isPartOf":{"@id":"http:\/\/pi-solve.com\/#website"},"datePublished":"2023-10-02T12:00:42+00:00","dateModified":"2023-10-05T12:12:02+00:00","description":"Kattenurine verwijderaar? Ontdek onze effectieve kattenurineverwijderaar. PI-Solve is krachtig in kattenurine vlekken verwijderen","breadcrumb":{"@id":"https:\/\/pi-solve.com\/es\/#breadcrumb"},"inLanguage":"es","potentialAction":[{"@type":"ReadAction","target":["https:\/\/pi-solve.com\/es\/"]}]},{"@type":"BreadcrumbList","@id":"https:\/\/pi-solve.com\/es\/#breadcrumb","itemListElement":[{"@type":"ListItem","position":1,"name":"Home","item":"https:\/\/pi-solve.com\/es\/"},{"@type":"ListItem","position":2,"name":"Elimina completamente la orina de gato | PI-Solve"}]},{"@type":"WebSite","@id":"http:\/\/pi-solve.com\/#website","url":"http:\/\/pi-solve.com\/","name":"Kattenurine verwijderaar - PI-Solve","description":"Effectief kattenurine verwijderen","potentialAction":[{"@type":"SearchAction","target":{"@type":"EntryPoint","urlTemplate":"http:\/\/pi-solve.com\/?s={search_term_string}"},"query-input":{"@type":"PropertyValueSpecification","valueRequired":true,"valueName":"search_term_string"}}],"inLanguage":"es"}]}},"_links":{"self":[{"href":"http:\/\/pi-solve.com\/es\/wp-json\/wp\/v2\/pages\/287","targetHints":{"allow":["GET"]}}],"collection":[{"href":"http:\/\/pi-solve.com\/es\/wp-json\/wp\/v2\/pages"}],"about":[{"href":"http:\/\/pi-solve.com\/es\/wp-json\/wp\/v2\/types\/page"}],"author":[{"embeddable":true,"href":"http:\/\/pi-solve.com\/es\/wp-json\/wp\/v2\/users\/1"}],"replies":[{"embeddable":true,"href":"http:\/\/pi-solve.com\/es\/wp-json\/wp\/v2\/comments?post=287"}],"version-history":[{"count":9,"href":"http:\/\/pi-solve.com\/es\/wp-json\/wp\/v2\/pages\/287\/revisions"}],"predecessor-version":[{"id":455,"href":"http:\/\/pi-solve.com\/es\/wp-json\/wp\/v2\/pages\/287\/revisions\/455"}],"wp:attachment":[{"href":"http:\/\/pi-solve.com\/es\/wp-json\/wp\/v2\/media?parent=287"}],"curies":[{"name":"wp","href":"https:\/\/api.w.org\/{rel}","templated":true}]}}