{"id":275,"date":"2023-10-04T07:00:53","date_gmt":"2023-10-04T07:00:53","guid":{"rendered":"https:\/\/pi-solve.com\/gebruikershandleiding\/"},"modified":"2023-10-05T12:17:33","modified_gmt":"2023-10-05T12:17:33","slug":"manual-de-instrucciones","status":"publish","type":"page","link":"http:\/\/pi-solve.com\/es\/manual-de-instrucciones\/","title":{"rendered":"Manual de instrucciones"},"content":{"rendered":"<p>[et_pb_section fb_built=\u00bb1&#8243; next_background_color=\u00bb#3DA1DA\u00bb _builder_version=\u00bb4.22.2&#8243; _module_preset=\u00bbdefault\u00bb use_background_color_gradient=\u00bbon\u00bb background_color_gradient_stops=\u00bbrgba(30,63,123,0.8) 0%|rgba(30,63,123,0.61) 100%\u00bb background_color_gradient_overlays_image=\u00bbon\u00bb background_image=\u00bbhttps:\/\/pi-solve.com\/wp-content\/uploads\/Katten-urine-schoonmaakmiddel-v2.jpg\u00bb custom_padding=\u00bb0px||0px||true|false\u00bb top_divider_color=\u00bb#3DA1DA\u00bb bottom_divider_style=\u00bbasymmetric2&#8243; bottom_divider_height=\u00bb50px\u00bb global_colors_info=\u00bb{}\u00bb][et_pb_row _builder_version=\u00bb4.22.2&#8243; _module_preset=\u00bbdefault\u00bb width=\u00bb90%\u00bb max_width=\u00bb76%\u00bb custom_padding=\u00bb0px||0px||true|false\u00bb hover_enabled=\u00bb0&#8243; global_colors_info=\u00bb{}\u00bb custom_padding_last_edited=\u00bbon|tablet\u00bb sticky_enabled=\u00bb0&#8243; custom_padding_tablet=\u00bb30px||30px||true|false\u00bb custom_padding_phone=\u00bb30px||30px||true|false\u00bb][et_pb_column type=\u00bb4_4&#8243; _builder_version=\u00bb4.22.2&#8243; _module_preset=\u00bbdefault\u00bb global_colors_info=\u00bb{}\u00bb][et_pb_slider _builder_version=\u00bb4.22.2&#8243; _module_preset=\u00bbdefault\u00bb custom_padding=\u00bb5%||5%||true|false\u00bb global_colors_info=\u00bb{}\u00bb][et_pb_slide heading=\u00bb@ET-DC@eyJkeW5hbWljIjp0cnVlLCJjb250ZW50IjoicG9zdF90aXRsZSIsInNldHRpbmdzIjp7ImJlZm9yZSI6IiIsImFmdGVyIjoiIn19@\u00bb _builder_version=\u00bb4.22.2&#8243; _dynamic_attributes=\u00bbheading\u00bb _module_preset=\u00bbdefault\u00bb background_color=\u00bbrgba(30,63,123,0)\u00bb background_enable_color=\u00bbon\u00bb background_enable_image=\u00bboff\u00bb global_colors_info=\u00bb{}\u00bb sticky_transition=\u00bbon\u00bb][\/et_pb_slide][\/et_pb_slider][\/et_pb_column][\/et_pb_row][\/et_pb_section][et_pb_section fb_built=\u00bb1&#8243; next_background_color=\u00bb#ffffff\u00bb _builder_version=\u00bb4.22.2&#8243; _module_preset=\u00bbdefault\u00bb background_color=\u00bb#3DA1DA\u00bb bottom_divider_style=\u00bbasymmetric2&#8243; bottom_divider_height=\u00bb30px\u00bb global_colors_info=\u00bb{}\u00bb][et_pb_row _builder_version=\u00bb4.22.2&#8243; _module_preset=\u00bbdefault\u00bb global_colors_info=\u00bb{}\u00bb][et_pb_column type=\u00bb4_4&#8243; _builder_version=\u00bb4.22.2&#8243; _module_preset=\u00bbdefault\u00bb global_colors_info=\u00bb{}\u00bb][et_pb_text _builder_version=\u00bb4.22.2&#8243; _module_preset=\u00bbdefault\u00bb background_layout=\u00bbdark\u00bb global_colors_info=\u00bb{}\u00bb]PI-Solve s\u00f3lo necesita agitarse brevemente antes de usar.<br \/>\nCompruebe primero la solidez del color en un lugar poco visible. A continuaci\u00f3n, limpie la suciedad con papel de cocina o un pa\u00f1o seco.[\/et_pb_text][\/et_pb_column][\/et_pb_row][et_pb_row column_structure=\u00bb1_4,1_4,1_4,1_4&#8243; _builder_version=\u00bb4.22.2&#8243; _module_preset=\u00bbdefault\u00bb custom_padding=\u00bb||50px||false|false\u00bb global_colors_info=\u00bb{}\u00bb][et_pb_column type=\u00bb1_4&#8243; _builder_version=\u00bb4.22.2&#8243; _module_preset=\u00bbdefault\u00bb global_colors_info=\u00bb{}\u00bb][et_pb_blurb title=\u00bbPaso 1&#8243; image=\u00bbhttps:\/\/pi-solve.com\/wp-content\/uploads\/spray-kattenurine-verwijderaar.webp\u00bb alt=\u00bbSpray kattenurine verwijderaar op de vlek\u00bb _builder_version=\u00bb4.22.2&#8243; _module_preset=\u00bbdefault\u00bb text_orientation=\u00bbcenter\u00bb background_layout=\u00bbdark\u00bb animation_style=\u00bbfade\u00bb animation_delay=\u00bb500ms\u00bb global_colors_info=\u00bb{}\u00bb]Pulverizar sobre la mancha[\/et_pb_blurb][\/et_pb_column][et_pb_column type=\u00bb1_4&#8243; _builder_version=\u00bb4.22.2&#8243; _module_preset=\u00bbdefault\u00bb global_colors_info=\u00bb{}\u00bb][et_pb_blurb title=\u00bbPaso 2&#8243; image=\u00bbhttps:\/\/pi-solve.com\/wp-content\/uploads\/kattenurine-verwijderaar-intrekken.webp\u00bb alt=\u00bbkattenurine verwijderaar in laten trekken\u00bb _builder_version=\u00bb4.22.2&#8243; _module_preset=\u00bbdefault\u00bb text_orientation=\u00bbcenter\u00bb background_layout=\u00bbdark\u00bb animation_style=\u00bbfade\u00bb animation_delay=\u00bb1000ms\u00bb global_colors_info=\u00bb{}\u00bb]Dejar actuar durante 2 horas[\/et_pb_blurb][\/et_pb_column][et_pb_column type=\u00bb1_4&#8243; _builder_version=\u00bb4.22.2&#8243; _module_preset=\u00bbdefault\u00bb global_colors_info=\u00bb{}\u00bb][et_pb_blurb title=\u00bbPaso 3&#8243; image=\u00bbhttps:\/\/pi-solve.com\/wp-content\/uploads\/boen-op-kattenurine-verwijderaar.webp\u00bb alt=\u00bbBoen op de kattenurine verwijderaar\u00bb _builder_version=\u00bb4.22.2&#8243; _module_preset=\u00bbdefault\u00bb text_orientation=\u00bbcenter\u00bb background_layout=\u00bbdark\u00bb animation_style=\u00bbfade\u00bb animation_delay=\u00bb1500ms\u00bb global_colors_info=\u00bb{}\u00bb]Frote la mancha[\/et_pb_blurb][\/et_pb_column][et_pb_column type=\u00bb1_4&#8243; _builder_version=\u00bb4.22.2&#8243; _module_preset=\u00bbdefault\u00bb global_colors_info=\u00bb{}\u00bb][et_pb_blurb title=\u00bbPaso 4&#8243; image=\u00bbhttps:\/\/pi-solve.com\/wp-content\/uploads\/kattenurine-verwijderaar-afnemen.webp\u00bb alt=\u00bbBoen op de kattenurine verwijderaar\u00bb _builder_version=\u00bb4.22.2&#8243; _module_preset=\u00bbdefault\u00bb text_orientation=\u00bbcenter\u00bb background_layout=\u00bbdark\u00bb animation_style=\u00bbfade\u00bb animation_delay=\u00bb2000ms\u00bb global_colors_info=\u00bb{}\u00bb]Limpiar con un pa\u00f1o h\u00famedo[\/et_pb_blurb][\/et_pb_column][\/et_pb_row][\/et_pb_section][et_pb_section fb_built=\u00bb1&#8243; _builder_version=\u00bb4.22.2&#8243; _module_preset=\u00bbdefault\u00bb global_colors_info=\u00bb{}\u00bb][et_pb_row column_structure=\u00bb2_3,1_3&#8243; _builder_version=\u00bb4.22.2&#8243; _module_preset=\u00bbdefault\u00bb custom_margin=\u00bb20px||20px||false|false\u00bb custom_padding=\u00bb20px|20px|20px|20px|false|false\u00bb box_shadow_style=\u00bbpreset1&#8243; global_colors_info=\u00bb{}\u00bb][et_pb_column type=\u00bb2_3&#8243; _builder_version=\u00bb4.22.2&#8243; _module_preset=\u00bbdefault\u00bb global_colors_info=\u00bb{}\u00bb][et_pb_text _builder_version=\u00bb4.22.2&#8243; _module_preset=\u00bbdefault\u00bb text_text_color=\u00bb#1E3F7B\u00bb header_2_text_color=\u00bb#1E3F7B\u00bb global_colors_info=\u00bb{}\u00bb]<\/p>\n<h2>Revestimiento de suelos, colchones o muebles<\/h2>\n<p>Pulverizar abundantemente la zona a tratar con PI-Solve. Roc\u00ede generosamente sobre la mancha visible de humedad o suciedad. Una mancha de orina suele ser muchas veces m\u00e1s grande de lo visible en la superficie de un mueble, colch\u00f3n o moqueta. Por lo tanto, debe aplicar PI-Solve generosamente alrededor de la suciedad.<\/p>\n<p>Las enzimas necesitan tiempo para hacer su trabajo de descomposici\u00f3n, deje secar PI-Solve. El secado puede durar de varias horas a un d\u00eda. En caso de suciedad grave, puede cubrir la mancha inyectada con un pa\u00f1o humedecido con PI-Solve limpio para evitar que se seque r\u00e1pidamente.<\/p>\n<p>Tras el secado, aclare la mancha con agua limpia y s\u00e9quela dando golpecitos con papel de cocina o una toalla. Si dispone de una aspiradora \u00abh\u00famedo-seco\u00bb, se recomienda su uso.<\/p>\n<p>Si es necesario, repita el tratamiento.<\/p>\n<p>[\/et_pb_text][et_pb_text _builder_version=\u00bb4.22.2&#8243; _module_preset=\u00bbdefault\u00bb text_text_color=\u00bb#1E3F7B\u00bb header_2_text_color=\u00bb#1E3F7B\u00bb global_colors_info=\u00bb{}\u00bb]<\/p>\n<h2>Textiles y ropa<\/h2>\n<p>Roc\u00ede la suciedad generosamente con PI-Solve, deje que el agente haga efecto durante al menos dos horas. Una vez transcurrido el tiempo de remojo, puede lavar la prenda o textil tratado en la lavadora. Recomendamos utilizar un programa de lavado no demasiado caliente, m\u00e1ximo 60 grados.<\/p>\n<p>No utilice PI-Solve en combinaci\u00f3n con otros detergentes. Una mancha tratada previamente con un detergente normal es m\u00e1s dif\u00edcil de limpiar.<\/p>\n<p>[\/et_pb_text][\/et_pb_column][et_pb_column type=\u00bb1_3&#8243; _builder_version=\u00bb4.22.2&#8243; _module_preset=\u00bbdefault\u00bb global_colors_info=\u00bb{}\u00bb][et_pb_blurb title=\u00bbEl eliminador sostenible\u00bb use_icon=\u00bbon\u00bb font_icon=\u00bb&#xf299;||fa||400&#8243; icon_color=\u00bb#42bc29&#8243; icon_placement=\u00bbleft\u00bb image_icon_width=\u00bb39px\u00bb _builder_version=\u00bb4.22.2&#8243; _module_preset=\u00bbdefault\u00bb background_color=\u00bb#1E3F7B\u00bb background_layout=\u00bbdark\u00bb custom_padding=\u00bb20px|20px|20px|20px|true|true\u00bb animation_style=\u00bbfade\u00bb border_radii=\u00bboff|50px||50px|\u00bb box_shadow_style=\u00bbpreset1&#8243; global_module=\u00bb445&#8243; saved_tabs=\u00bball\u00bb global_colors_info=\u00bb{}\u00bb]<\/p>\n<p>Nuestro objetivo es que nuestros productos no da\u00f1en el medio ambiente. Todos los envases de PI-Solve est\u00e1n fabricados con material reciclado al 100%. Tambi\u00e9n le rogamos que no tire los envases vac\u00edos con los residuos, sino que se deshaga de ellos para poder reutilizarlos.<\/p>\n<p>[\/et_pb_blurb][\/et_pb_column][\/et_pb_row][\/et_pb_section]<\/p>\n","protected":false},"excerpt":{"rendered":"<p>PI-Solve s\u00f3lo necesita agitarse brevemente antes de usar. Compruebe primero la solidez del color en un lugar poco visible. A continuaci\u00f3n, limpie la suciedad con papel de cocina o un pa\u00f1o seco.Pulverizar sobre la manchaDejar actuar durante 2 horasFrote la manchaLimpiar con un pa\u00f1o h\u00famedoRevestimiento de suelos, colchones o muebles Pulverizar abundantemente la zona a [&hellip;]<\/p>\n","protected":false},"author":1,"featured_media":0,"parent":0,"menu_order":1,"comment_status":"closed","ping_status":"closed","template":"","meta":{"_et_pb_use_builder":"on","_et_pb_old_content":"<!-- wp:paragraph -->\r\n<p>This is an example page. It's different from a blog post because it will stay in one place and will show up in your site navigation (in most themes). Most people start with an About page that introduces them to potential site visitors. It might say something like this:<\/p>\r\n<!-- \/wp:paragraph --><!-- wp:quote -->\r\n<blockquote class=\"wp-block-quote\">\r\n<p>Hi there! I'm a bike messenger by day, aspiring actor by night, and this is my website. I live in Los Angeles, have a great dog named Jack, and I like pi\u00f1a coladas. (And gettin' caught in the rain.)<\/p>\r\n<\/blockquote>\r\n<!-- \/wp:quote --><!-- wp:paragraph -->\r\n<p>...or something like this:<\/p>\r\n<!-- \/wp:paragraph --><!-- wp:quote -->\r\n<blockquote class=\"wp-block-quote\">\r\n<p>The XYZ Doohickey Company was founded in 1971, and has been providing quality doohickeys to the public ever since. Located in Gotham City, XYZ employs over 2,000 people and does all kinds of awesome things for the Gotham community.<\/p>\r\n<\/blockquote>\r\n<!-- \/wp:quote --><!-- wp:paragraph -->\r\n<p>As a new WordPress user, you should go to <a href=\"https:\/\/pi-solve.com\/wp-admin\/\">your dashboard<\/a> to delete this page and create new pages for your content. Have fun!<\/p>\r\n<!-- \/wp:paragraph -->","_et_gb_content_width":"","footnotes":""},"class_list":["post-275","page","type-page","status-publish","hentry"],"yoast_head":"<!-- This site is optimized with the Yoast SEO plugin v27.4 - https:\/\/yoast.com\/product\/yoast-seo-wordpress\/ -->\n<title>Manual de instrucciones - Kattenurine verwijderaar - PI-Solve<\/title>\n<meta name=\"robots\" content=\"index, follow, max-snippet:-1, max-image-preview:large, max-video-preview:-1\" \/>\n<link rel=\"canonical\" href=\"https:\/\/pi-solve.com\/es\/manual-de-instrucciones\/\" \/>\n<meta property=\"og:locale\" content=\"es_ES\" \/>\n<meta property=\"og:type\" content=\"article\" \/>\n<meta property=\"og:title\" content=\"Manual de instrucciones - Kattenurine verwijderaar - PI-Solve\" \/>\n<meta property=\"og:description\" content=\"PI-Solve s\u00f3lo necesita agitarse brevemente antes de usar. Compruebe primero la solidez del color en un lugar poco visible. A continuaci\u00f3n, limpie la suciedad con papel de cocina o un pa\u00f1o seco.Pulverizar sobre la manchaDejar actuar durante 2 horasFrote la manchaLimpiar con un pa\u00f1o h\u00famedoRevestimiento de suelos, colchones o muebles Pulverizar abundantemente la zona a [&hellip;]\" \/>\n<meta property=\"og:url\" content=\"https:\/\/pi-solve.com\/es\/manual-de-instrucciones\/\" \/>\n<meta property=\"og:site_name\" content=\"Kattenurine verwijderaar - PI-Solve\" \/>\n<meta property=\"article:modified_time\" content=\"2023-10-05T12:17:33+00:00\" \/>\n<meta name=\"twitter:card\" content=\"summary_large_image\" \/>\n<meta name=\"twitter:label1\" content=\"Tiempo de lectura\" \/>\n\t<meta name=\"twitter:data1\" content=\"3 minutos\" \/>\n<script type=\"application\/ld+json\" class=\"yoast-schema-graph\">{\"@context\":\"https:\\\/\\\/schema.org\",\"@graph\":[{\"@type\":\"WebPage\",\"@id\":\"https:\\\/\\\/pi-solve.com\\\/es\\\/manual-de-instrucciones\\\/\",\"url\":\"https:\\\/\\\/pi-solve.com\\\/es\\\/manual-de-instrucciones\\\/\",\"name\":\"Manual de instrucciones - Kattenurine verwijderaar - PI-Solve\",\"isPartOf\":{\"@id\":\"http:\\\/\\\/pi-solve.com\\\/#website\"},\"datePublished\":\"2023-10-04T07:00:53+00:00\",\"dateModified\":\"2023-10-05T12:17:33+00:00\",\"breadcrumb\":{\"@id\":\"https:\\\/\\\/pi-solve.com\\\/es\\\/manual-de-instrucciones\\\/#breadcrumb\"},\"inLanguage\":\"es\",\"potentialAction\":[{\"@type\":\"ReadAction\",\"target\":[\"https:\\\/\\\/pi-solve.com\\\/es\\\/manual-de-instrucciones\\\/\"]}]},{\"@type\":\"BreadcrumbList\",\"@id\":\"https:\\\/\\\/pi-solve.com\\\/es\\\/manual-de-instrucciones\\\/#breadcrumb\",\"itemListElement\":[{\"@type\":\"ListItem\",\"position\":1,\"name\":\"Home\",\"item\":\"https:\\\/\\\/pi-solve.com\\\/es\\\/\"},{\"@type\":\"ListItem\",\"position\":2,\"name\":\"Manual de instrucciones\"}]},{\"@type\":\"WebSite\",\"@id\":\"http:\\\/\\\/pi-solve.com\\\/#website\",\"url\":\"http:\\\/\\\/pi-solve.com\\\/\",\"name\":\"Kattenurine verwijderaar - PI-Solve\",\"description\":\"Effectief kattenurine verwijderen\",\"potentialAction\":[{\"@type\":\"SearchAction\",\"target\":{\"@type\":\"EntryPoint\",\"urlTemplate\":\"http:\\\/\\\/pi-solve.com\\\/?s={search_term_string}\"},\"query-input\":{\"@type\":\"PropertyValueSpecification\",\"valueRequired\":true,\"valueName\":\"search_term_string\"}}],\"inLanguage\":\"es\"}]}<\/script>\n<!-- \/ Yoast SEO plugin. -->","yoast_head_json":{"title":"Manual de instrucciones - Kattenurine verwijderaar - PI-Solve","robots":{"index":"index","follow":"follow","max-snippet":"max-snippet:-1","max-image-preview":"max-image-preview:large","max-video-preview":"max-video-preview:-1"},"canonical":"https:\/\/pi-solve.com\/es\/manual-de-instrucciones\/","og_locale":"es_ES","og_type":"article","og_title":"Manual de instrucciones - Kattenurine verwijderaar - PI-Solve","og_description":"PI-Solve s\u00f3lo necesita agitarse brevemente antes de usar. Compruebe primero la solidez del color en un lugar poco visible. A continuaci\u00f3n, limpie la suciedad con papel de cocina o un pa\u00f1o seco.Pulverizar sobre la manchaDejar actuar durante 2 horasFrote la manchaLimpiar con un pa\u00f1o h\u00famedoRevestimiento de suelos, colchones o muebles Pulverizar abundantemente la zona a [&hellip;]","og_url":"https:\/\/pi-solve.com\/es\/manual-de-instrucciones\/","og_site_name":"Kattenurine verwijderaar - PI-Solve","article_modified_time":"2023-10-05T12:17:33+00:00","twitter_card":"summary_large_image","twitter_misc":{"Tiempo de lectura":"3 minutos"},"schema":{"@context":"https:\/\/schema.org","@graph":[{"@type":"WebPage","@id":"https:\/\/pi-solve.com\/es\/manual-de-instrucciones\/","url":"https:\/\/pi-solve.com\/es\/manual-de-instrucciones\/","name":"Manual de instrucciones - Kattenurine verwijderaar - PI-Solve","isPartOf":{"@id":"http:\/\/pi-solve.com\/#website"},"datePublished":"2023-10-04T07:00:53+00:00","dateModified":"2023-10-05T12:17:33+00:00","breadcrumb":{"@id":"https:\/\/pi-solve.com\/es\/manual-de-instrucciones\/#breadcrumb"},"inLanguage":"es","potentialAction":[{"@type":"ReadAction","target":["https:\/\/pi-solve.com\/es\/manual-de-instrucciones\/"]}]},{"@type":"BreadcrumbList","@id":"https:\/\/pi-solve.com\/es\/manual-de-instrucciones\/#breadcrumb","itemListElement":[{"@type":"ListItem","position":1,"name":"Home","item":"https:\/\/pi-solve.com\/es\/"},{"@type":"ListItem","position":2,"name":"Manual de instrucciones"}]},{"@type":"WebSite","@id":"http:\/\/pi-solve.com\/#website","url":"http:\/\/pi-solve.com\/","name":"Kattenurine verwijderaar - PI-Solve","description":"Effectief kattenurine verwijderen","potentialAction":[{"@type":"SearchAction","target":{"@type":"EntryPoint","urlTemplate":"http:\/\/pi-solve.com\/?s={search_term_string}"},"query-input":{"@type":"PropertyValueSpecification","valueRequired":true,"valueName":"search_term_string"}}],"inLanguage":"es"}]}},"_links":{"self":[{"href":"http:\/\/pi-solve.com\/es\/wp-json\/wp\/v2\/pages\/275","targetHints":{"allow":["GET"]}}],"collection":[{"href":"http:\/\/pi-solve.com\/es\/wp-json\/wp\/v2\/pages"}],"about":[{"href":"http:\/\/pi-solve.com\/es\/wp-json\/wp\/v2\/types\/page"}],"author":[{"embeddable":true,"href":"http:\/\/pi-solve.com\/es\/wp-json\/wp\/v2\/users\/1"}],"replies":[{"embeddable":true,"href":"http:\/\/pi-solve.com\/es\/wp-json\/wp\/v2\/comments?post=275"}],"version-history":[{"count":3,"href":"http:\/\/pi-solve.com\/es\/wp-json\/wp\/v2\/pages\/275\/revisions"}],"predecessor-version":[{"id":466,"href":"http:\/\/pi-solve.com\/es\/wp-json\/wp\/v2\/pages\/275\/revisions\/466"}],"wp:attachment":[{"href":"http:\/\/pi-solve.com\/es\/wp-json\/wp\/v2\/media?parent=275"}],"curies":[{"name":"wp","href":"https:\/\/api.w.org\/{rel}","templated":true}]}}