{"id":263,"date":"2023-10-04T07:37:07","date_gmt":"2023-10-04T07:37:07","guid":{"rendered":"https:\/\/pi-solve.com\/contact\/"},"modified":"2024-07-04T06:41:53","modified_gmt":"2024-07-04T06:41:53","slug":"contact","status":"publish","type":"page","link":"http:\/\/pi-solve.com\/es\/contact\/","title":{"rendered":"Contact &#038; puntos de venta"},"content":{"rendered":"<p>[et_pb_section fb_built=\u00bb1&#8243; next_background_color=\u00bb#3DA1DA\u00bb _builder_version=\u00bb4.22.2&#8243; _module_preset=\u00bbdefault\u00bb use_background_color_gradient=\u00bbon\u00bb background_color_gradient_stops=\u00bbrgba(30,63,123,0.8) 0%|rgba(30,63,123,0.61) 100%\u00bb background_color_gradient_overlays_image=\u00bbon\u00bb background_image=\u00bbhttps:\/\/pi-solve.com\/wp-content\/uploads\/Katten-urine-schoonmaakmiddel-v2.jpg\u00bb custom_padding=\u00bb0px||0px||true|false\u00bb top_divider_color=\u00bb#3DA1DA\u00bb bottom_divider_style=\u00bbasymmetric2&#8243; bottom_divider_height=\u00bb50px\u00bb global_colors_info=\u00bb{}\u00bb][et_pb_row custom_padding_last_edited=\u00bbon|tablet\u00bb _builder_version=\u00bb4.22.2&#8243; _module_preset=\u00bbdefault\u00bb width=\u00bb90%\u00bb max_width=\u00bb76%\u00bb custom_padding=\u00bb0px||0px||true|false\u00bb custom_padding_tablet=\u00bb30px||30px||true|false\u00bb custom_padding_phone=\u00bb30px||30px||true|false\u00bb global_colors_info=\u00bb{}\u00bb][et_pb_column type=\u00bb4_4&#8243; _builder_version=\u00bb4.22.2&#8243; _module_preset=\u00bbdefault\u00bb global_colors_info=\u00bb{}\u00bb][et_pb_slider _builder_version=\u00bb4.22.2&#8243; _module_preset=\u00bbdefault\u00bb custom_padding=\u00bb5%||5%||true|false\u00bb global_colors_info=\u00bb{}\u00bb][et_pb_slide heading=\u00bb@ET-DC@eyJkeW5hbWljIjp0cnVlLCJjb250ZW50IjoicG9zdF90aXRsZSIsInNldHRpbmdzIjp7ImJlZm9yZSI6IiIsImFmdGVyIjoiIn19@\u00bb _builder_version=\u00bb4.22.2&#8243; _dynamic_attributes=\u00bbheading\u00bb _module_preset=\u00bbdefault\u00bb background_color=\u00bbrgba(30,63,123,0)\u00bb background_enable_color=\u00bbon\u00bb background_enable_image=\u00bboff\u00bb global_colors_info=\u00bb{}\u00bb sticky_transition=\u00bbon\u00bb][\/et_pb_slide][\/et_pb_slider][\/et_pb_column][\/et_pb_row][\/et_pb_section][et_pb_section fb_built=\u00bb1&#8243; next_background_color=\u00bb#ffffff\u00bb _builder_version=\u00bb4.22.2&#8243; _module_preset=\u00bbdefault\u00bb background_color=\u00bb#3DA1DA\u00bb bottom_divider_style=\u00bbasymmetric2&#8243; bottom_divider_height=\u00bb30px\u00bb global_colors_info=\u00bb{}\u00bb][et_pb_row _builder_version=\u00bb4.22.2&#8243; _module_preset=\u00bbdefault\u00bb custom_padding=\u00bb||30px||false|false\u00bb global_colors_info=\u00bb{}\u00bb][et_pb_column type=\u00bb4_4&#8243; _builder_version=\u00bb4.22.2&#8243; _module_preset=\u00bbdefault\u00bb global_colors_info=\u00bb{}\u00bb][et_pb_text _builder_version=\u00bb4.22.2&#8243; _module_preset=\u00bbdefault\u00bb header_2_line_height=\u00bb1.5em\u00bb text_orientation=\u00bbcenter\u00bb background_layout=\u00bbdark\u00bb global_colors_info=\u00bb{}\u00bb]<\/p>\n<h2>\u00bfEst\u00e1 interesado en uno de nuestros productos o tiene alguna pregunta?<\/h2>\n<p>Siempre puedes contactarnos. Estamos encantados de ayudarle.<\/p>\n<p>[\/et_pb_text][\/et_pb_column][\/et_pb_row][et_pb_row column_structure=\u00bb1_4,1_4,1_4,1_4&#8243; _builder_version=\u00bb4.22.2&#8243; _module_preset=\u00bbdefault\u00bb custom_padding=\u00bb||50px||false|false\u00bb global_colors_info=\u00bb{}\u00bb][et_pb_column type=\u00bb1_4&#8243; _builder_version=\u00bb4.22.2&#8243; _module_preset=\u00bbdefault\u00bb global_colors_info=\u00bb{}\u00bb][et_pb_blurb title=\u00bbinfo@pi-solve.com\u00bb url=\u00bbmailto:info@pi-solve.com\u00bb use_icon=\u00bbon\u00bb font_icon=\u00bb&#xe010;||divi||400&#8243; icon_color=\u00bb#FFFFFF\u00bb image_icon_width=\u00bb25px\u00bb _builder_version=\u00bb4.22.2&#8243; _module_preset=\u00bbdefault\u00bb text_orientation=\u00bbcenter\u00bb background_layout=\u00bbdark\u00bb global_colors_info=\u00bb{}\u00bb][\/et_pb_blurb][\/et_pb_column][et_pb_column type=\u00bb1_4&#8243; _builder_version=\u00bb4.22.2&#8243; _module_preset=\u00bbdefault\u00bb global_colors_info=\u00bb{}\u00bb][et_pb_blurb title=\u00bb+31(0)71-5897711&#8243; url=\u00bbtel:+31715897711&#8243; use_icon=\u00bbon\u00bb font_icon=\u00bb&#xf095;||fa||900&#8243; icon_color=\u00bb#FFFFFF\u00bb image_icon_width=\u00bb25px\u00bb _builder_version=\u00bb4.22.2&#8243; _module_preset=\u00bbdefault\u00bb text_orientation=\u00bbcenter\u00bb background_layout=\u00bbdark\u00bb global_colors_info=\u00bb{}\u00bb][\/et_pb_blurb][\/et_pb_column][et_pb_column type=\u00bb1_4&#8243; _builder_version=\u00bb4.22.2&#8243; _module_preset=\u00bbdefault\u00bb global_colors_info=\u00bb{}\u00bb][et_pb_blurb title=\u00bb+31(0)6-19089820&#8243; url=\u00bbtel:+31619089820&#8243; use_icon=\u00bbon\u00bb font_icon=\u00bb&#xf3cd;||fa||900&#8243; icon_color=\u00bb#FFFFFF\u00bb image_icon_width=\u00bb25px\u00bb _builder_version=\u00bb4.22.2&#8243; _module_preset=\u00bbdefault\u00bb text_orientation=\u00bbcenter\u00bb background_layout=\u00bbdark\u00bb global_colors_info=\u00bb{}\u00bb][\/et_pb_blurb][\/et_pb_column][et_pb_column type=\u00bb1_4&#8243; _builder_version=\u00bb4.22.2&#8243; _module_preset=\u00bbdefault\u00bb global_colors_info=\u00bb{}\u00bb][et_pb_blurb title=\u00bbFacebook\u00bb url=\u00bbhttps:\/\/www.facebook.com\/profile.php?id=100094166611508&#8243; url_new_window=\u00bbon\u00bb use_icon=\u00bbon\u00bb font_icon=\u00bb&#xf09a;||fa||400&#8243; icon_color=\u00bb#FFFFFF\u00bb image_icon_width=\u00bb25px\u00bb _builder_version=\u00bb4.22.2&#8243; _module_preset=\u00bbdefault\u00bb text_orientation=\u00bbcenter\u00bb background_layout=\u00bbdark\u00bb global_colors_info=\u00bb{}\u00bb][\/et_pb_blurb][\/et_pb_column][\/et_pb_row][\/et_pb_section][et_pb_section fb_built=\u00bb1&#8243; _builder_version=\u00bb4.25.1&#8243; _module_preset=\u00bbdefault\u00bb global_colors_info=\u00bb{}\u00bb][et_pb_row column_structure=\u00bb2_3,1_3&#8243; _builder_version=\u00bb4.25.1&#8243; _module_preset=\u00bbdefault\u00bb global_colors_info=\u00bb{}\u00bb][et_pb_column type=\u00bb2_3&#8243; _builder_version=\u00bb4.25.1&#8243; _module_preset=\u00bbdefault\u00bb global_colors_info=\u00bb{}\u00bb][et_pb_text _builder_version=\u00bb4.26.0&#8243; _module_preset=\u00bbdefault\u00bb link_text_color=\u00bb#1E3F7B\u00bb hover_enabled=\u00bb0&#8243; global_colors_info=\u00bb{}\u00bb sticky_enabled=\u00bb0&#8243;]<\/p>\n<h2>Puntos de venta<\/h2>\n<ul>\n<li><a href=\"https:\/\/perfectekat.nl\/product\/pi-solve-katten-en-honden-urine-en-vlekken-verwijderaar\/\" target=\"_blank\" rel=\"noopener\">Perfectekat.nl<\/a><\/li>\n<li><a href=\"https:\/\/www.bestpetfoods.nl\/product\/pi-solve-kattenurine-verwijderaar-750-ml\" target=\"_blank\" rel=\"noopener\">Best Petfoods<\/a><\/li>\n<li><a href=\"https:\/\/www.bol.com\/nl\/nl\/p\/pi-solve-kattenurine-verwijderaar-750-ml\/9300000159092792\/?bltgh=jWUtk9tOB-IItr-3L0pPDQ.2_6.7.ProductTitle\" target=\"_blank\" rel=\"noopener\">Bol.com<\/a><\/li>\n<li><a href=\"https:\/\/kvvdepoort.nl\/webshop\/pi-solve-kattenurine-verwijderaar-750-ml\/\" target=\"_blank\" rel=\"noopener\">KVV de Poort<\/a><\/li>\n<li><a href=\"https:\/\/www.rebrinkdiervoeding.nl\/a-82257974\/reinigingsmiddelen\/pi-solve-kattenurine-verwijderaar-750-ml\/#description\" target=\"_blank\" rel=\"noopener\">Rebrink Diervoeding<\/a><\/li>\n<li><a id=\"m_7820412012007936907OWA56a98933-6b71-ed04-b031-8c95b85be058\" href=\"https:\/\/www.petfooddiscount.nl\/producten\/search_field\/pi-solve\" target=\"_blank\" rel=\"noopener\" data-saferedirecturl=\"https:\/\/www.google.com\/url?q=https:\/\/www.petfooddiscount.nl\/producten\/search_field\/pi-solve&amp;source=gmail&amp;ust=1715765739415000&amp;usg=AOvVaw2KCmtFKwOJxFH8vpAvtizG\">Van Noord diervoeders (petfooddiscount.nl)<\/a><\/li>\n<li><a id=\"m_7820412012007936907OWA63f12250-3f0a-889d-6fda-ff9332597912\" href=\"https:\/\/www.discus.nl\/dierenwinkel\/vlaardingen\/?gad_source=1&amp;gclid=CjwKCAjw57exBhAsEiwAaIxaZsbwwLDCjnkdzI7fpCM8z7cTMZQbbTpvQyvsVy-unWFbR5wDYOTf2RoCQy0QAvD_BwE\" target=\"_blank\" rel=\"noopener\" data-saferedirecturl=\"https:\/\/www.google.com\/url?q=https:\/\/www.discus.nl\/dierenwinkel\/vlaardingen\/?gad_source%3D1%26gclid%3DCjwKCAjw57exBhAsEiwAaIxaZsbwwLDCjnkdzI7fpCM8z7cTMZQbbTpvQyvsVy-unWFbR5wDYOTf2RoCQy0QAvD_BwE&amp;source=gmail&amp;ust=1715765739415000&amp;usg=AOvVaw307Qe4R5UKovsAjvzbEiaI\">Discus Vlaardingen \u2022 D\u00e9 dierenwinkel in Vlaardingen<\/a><\/li>\n<li><a id=\"m_7820412012007936907OWA209b1c6e-a1e8-691f-bce6-f28811925cc9\" href=\"https:\/\/4cats.nu\/\" target=\"_blank\" rel=\"noopener\" data-saferedirecturl=\"https:\/\/www.google.com\/url?q=https:\/\/4cats.nu\/&amp;source=gmail&amp;ust=1715765739415000&amp;usg=AOvVaw1zVAc1KtEL64XGiA3lB4S9\">4Cats &#8211; Kattenspeciaalzaak Amsterdam &#8211; 140m2 kattenplezier<\/a><\/li>\n<li><a id=\"m_7820412012007936907OWA3b0bcd09-6454-1f7c-ea56-aeeb08bb68cd\" href=\"https:\/\/www.beasdierenboetiek.nl\/\" target=\"_blank\" rel=\"noopener\" data-saferedirecturl=\"https:\/\/www.google.com\/url?q=https:\/\/www.beasdierenboetiek.nl\/&amp;source=gmail&amp;ust=1715765739415000&amp;usg=AOvVaw0BTHzpO-bP1OA_kLDi5EN9\">Bea&#8217;s Dierenboetiek (beasdierenboetiek.nl)<\/a><\/li>\n<li><a id=\"m_7820412012007936907OWAbaa13883-b0d2-73d5-7aec-eb3686213588\" href=\"https:\/\/www.pronksdogshop.nl\/\" target=\"_blank\" rel=\"noopener\" data-saferedirecturl=\"https:\/\/www.google.com\/url?q=https:\/\/www.pronksdogshop.nl\/&amp;source=gmail&amp;ust=1715765739415000&amp;usg=AOvVaw3y3RSJ2NKVFM3iihkiWbvM\">Pronk`s dogshop (pronksdogshop.nl)<\/a><\/li>\n<li><a id=\"m_7820412012007936907OWA679f0479-065c-2ad9-7016-a9573bb3935b\" href=\"https:\/\/hondenhobby.nl\/\" target=\"_blank\" rel=\"noopener\" data-saferedirecturl=\"https:\/\/www.google.com\/url?q=https:\/\/hondenhobby.nl\/&amp;source=gmail&amp;ust=1715765739415000&amp;usg=AOvVaw2WczwHNh0b1XEBZLaV7gUD\">Hondenhobby \u2013 De Leukste Hondenwinkel van de Veluwe<\/a><\/li>\n<li><a id=\"m_7820412012007936907OWAa053b97e-b289-16c5-6802-d9aca3968181\" href=\"https:\/\/amicau.be\/\" target=\"_blank\" rel=\"noopener\" data-saferedirecturl=\"https:\/\/www.google.com\/url?q=https:\/\/amicau.be\/&amp;source=gmail&amp;ust=1715765739415000&amp;usg=AOvVaw0CnkBe2_iGStQC3rQlvc3B\">Amicau Honden en katten speciaalzaak<\/a><\/li>\n<li><a id=\"m_7820412012007936907OWA0d68fb3d-d246-7944-ebde-d67dd188c347\" href=\"https:\/\/debeestenboel.net\/contact-us\/\" target=\"_blank\" rel=\"noopener\" data-saferedirecturl=\"https:\/\/www.google.com\/url?q=https:\/\/debeestenboel.net\/contact-us\/&amp;source=gmail&amp;ust=1715765739415000&amp;usg=AOvVaw1fuuF0gJF-Y8v-iRNH3XiD\">De Beestenboel<\/a><\/li>\n<li><a id=\"m_7820412012007936907OWA009fc21d-8eaa-d829-014f-ce89eb4cb253\" href=\"https:\/\/www.intratuin.nl\/intratuin-geleen?SelectedFilter%5B0%5D=0\" target=\"_blank\" rel=\"noopener\" data-saferedirecturl=\"https:\/\/www.google.com\/url?q=https:\/\/www.intratuin.nl\/intratuin-geleen?SelectedFilter%255B0%255D%3D0&amp;source=gmail&amp;ust=1715765739415000&amp;usg=AOvVaw1sD8ptbDGz_Ex_tMMepA9r\">Intratuin Geleen. Tuincentrum voor huis en tuin, met horeca<\/a><\/li>\n<li><a id=\"m_7820412012007936907OWA04946afa-0d36-b3fc-57a5-0c5b9561c17d\" href=\"https:\/\/www.denovohondenservice.nl\/\" target=\"_blank\" rel=\"noopener\" data-saferedirecturl=\"https:\/\/www.google.com\/url?q=https:\/\/www.denovohondenservice.nl\/&amp;source=gmail&amp;ust=1715765739415000&amp;usg=AOvVaw1qjkhp9X-zZx36tEkTh2Ch\">De Novo Hondenuitlaatservice (denovohondenservice.nl)<\/a><\/li>\n<li><a id=\"m_7820412012007936907OWA53cbcfd1-27a7-45b2-d726-fbd8bee9222d\" href=\"https:\/\/www.facebook.com\/DSZDeAra\/\" target=\"_blank\" rel=\"noopener\" data-saferedirecturl=\"https:\/\/www.google.com\/url?q=https:\/\/www.facebook.com\/DSZDeAra\/&amp;source=gmail&amp;ust=1715765739415000&amp;usg=AOvVaw1uP1UcdoUna99wCmkDoyxM\">De Ara Amsterdam<\/a><\/li>\n<li><a id=\"m_7820412012007936907OWA90a46728-84c5-aa16-90f2-e964d9f7b278\" href=\"https:\/\/quafur.nl\/\" target=\"_blank\" rel=\"noopener\" data-saferedirecturl=\"https:\/\/www.google.com\/url?q=https:\/\/quafur.nl\/&amp;source=gmail&amp;ust=1715765739415000&amp;usg=AOvVaw0gPCji0zpO4j0BVdzajPWu\">Kattentrimsalon Quafur<\/a><\/li>\n<li><a id=\"m_7820412012007936907OWAea211454-74fc-5933-3230-e7a380b9fb80\" href=\"https:\/\/www.catteryefezia.be\/\" target=\"_blank\" rel=\"noopener\" data-saferedirecturl=\"https:\/\/www.google.com\/url?q=https:\/\/www.catteryefezia.be\/&amp;source=gmail&amp;ust=1715765739415000&amp;usg=AOvVaw3NBoxBt3S0odRWfXzg5jde\">Cattery Efezia | Kalmthout<\/a><\/li>\n<li><a id=\"m_7820412012007936907OWA8d2eb621-1cf2-9ad1-5581-9a63a0306c52\" href=\"https:\/\/beestenboelwezep.nl\/\" target=\"_blank\" rel=\"noopener\" data-saferedirecturl=\"https:\/\/www.google.com\/url?q=https:\/\/beestenboelwezep.nl\/&amp;source=gmail&amp;ust=1715765739415000&amp;usg=AOvVaw2RWbjh4GBvxvLvrDxTuL_2\">Beestenboel Wezep<\/a><\/li>\n<li><a id=\"m_7820412012007936907OWA91e46c10-a471-dc7e-23d5-5a467a41a995\" href=\"https:\/\/www.katterij.nl\/\" target=\"_blank\" rel=\"noopener\" data-saferedirecturl=\"https:\/\/www.google.com\/url?q=https:\/\/www.katterij.nl\/&amp;source=gmail&amp;ust=1715765739415000&amp;usg=AOvVaw0VHT1bd4g61tZl3PO-UcyS\">Burkies Katsalon (katterij.nl)<\/a><\/li>\n<li><a id=\"m_7820412012007936907OWA61ad3c52-8a13-f95d-1dde-e11f35911582\" href=\"https:\/\/debiologischekat.nl\/\" target=\"_blank\" rel=\"noopener\" data-saferedirecturl=\"https:\/\/www.google.com\/url?q=https:\/\/debiologischekat.nl\/&amp;source=gmail&amp;ust=1715765739415000&amp;usg=AOvVaw1U6EzWCelCMZMBhLSLSX6M\">De Biologische Kat<\/a><\/li>\n<li><a id=\"m_7820412012007936907OWA6f3005b7-627f-8239-4e7a-551922b20591\" href=\"https:\/\/byneko.nl\/\" target=\"_blank\" rel=\"noopener\" data-saferedirecturl=\"https:\/\/www.google.com\/url?q=https:\/\/byneko.nl\/&amp;source=gmail&amp;ust=1715765739415000&amp;usg=AOvVaw0BSLMgEdA9YHA4KTRMMf_i\">By Neko \u2013 D\u00e9 blog voor katteneigenaren<\/a><\/li>\n<li><a id=\"m_7820412012007936907OWAc1555c85-000e-0c9c-88c3-5ab7f7420e1f\" href=\"https:\/\/kattenherplaatsing.nl\/\" target=\"_blank\" rel=\"noopener\" data-saferedirecturl=\"https:\/\/www.google.com\/url?q=https:\/\/kattenherplaatsing.nl\/&amp;source=gmail&amp;ust=1715765739415000&amp;usg=AOvVaw3EJPpEf7bcFJvsxYfGCuZE\">Kattenherplaatsing.nl en Kattenvoorlichting.nl | gratis advies | herplaatsing<\/a><\/li>\n<li><a href=\"https:\/\/winkelcentrumreigerhof.nl\/?winkels=petcare\/\" target=\"_blank\" rel=\"noopener\">Pet Care (Rotterdam, Nieuwerkerk aan de IJssel, Berkel en Rodenrijs\u00a0<\/a><\/li>\n<\/ul>\n<p>[\/et_pb_text][\/et_pb_column][et_pb_column type=\u00bb1_3&#8243; _builder_version=\u00bb4.25.1&#8243; _module_preset=\u00bbdefault\u00bb global_colors_info=\u00bb{}\u00bb][et_pb_blurb title=\u00bbEl eliminador sostenible\u00bb use_icon=\u00bbon\u00bb font_icon=\u00bb&#xf299;||fa||400&#8243; icon_color=\u00bb#42bc29&#8243; icon_placement=\u00bbleft\u00bb image_icon_width=\u00bb39px\u00bb _builder_version=\u00bb4.22.2&#8243; _module_preset=\u00bbdefault\u00bb background_color=\u00bb#1E3F7B\u00bb background_layout=\u00bbdark\u00bb custom_padding=\u00bb20px|20px|20px|20px|true|true\u00bb animation_style=\u00bbfade\u00bb border_radii=\u00bboff|50px||50px|\u00bb box_shadow_style=\u00bbpreset1&#8243; global_module=\u00bb445&#8243; global_colors_info=\u00bb{}\u00bb]<\/p>\n<p>Nuestro objetivo es que nuestros productos no da\u00f1en el medio ambiente. Todos los envases de PI-Solve est\u00e1n fabricados con material reciclado al 100%. Tambi\u00e9n le rogamos que no tire los envases vac\u00edos con los residuos, sino que se deshaga de ellos para poder reutilizarlos.<\/p>\n<p>[\/et_pb_blurb][\/et_pb_column][\/et_pb_row][\/et_pb_section]<\/p>\n","protected":false},"excerpt":{"rendered":"<p>\u00bfEst\u00e1 interesado en uno de nuestros productos o tiene alguna pregunta? Siempre puedes contactarnos. Estamos encantados de ayudarle. Puntos de venta Perfectekat.nl Best Petfoods Bol.com KVV de Poort Rebrink Diervoeding Van Noord diervoeders (petfooddiscount.nl) Discus Vlaardingen \u2022 D\u00e9 dierenwinkel in Vlaardingen 4Cats &#8211; Kattenspeciaalzaak Amsterdam &#8211; 140m2 kattenplezier Bea&#8217;s Dierenboetiek (beasdierenboetiek.nl) Pronk`s dogshop (pronksdogshop.nl) Hondenhobby [&hellip;]<\/p>\n","protected":false},"author":1,"featured_media":0,"parent":0,"menu_order":2,"comment_status":"closed","ping_status":"closed","template":"","meta":{"_et_pb_use_builder":"on","_et_pb_old_content":"<!-- wp:paragraph -->\r\n<p>This is an example page. It's different from a blog post because it will stay in one place and will show up in your site navigation (in most themes). Most people start with an About page that introduces them to potential site visitors. It might say something like this:<\/p>\r\n<!-- \/wp:paragraph --><!-- wp:quote -->\r\n<blockquote class=\"wp-block-quote\">\r\n<p>Hi there! I'm a bike messenger by day, aspiring actor by night, and this is my website. I live in Los Angeles, have a great dog named Jack, and I like pi\u00f1a coladas. (And gettin' caught in the rain.)<\/p>\r\n<\/blockquote>\r\n<!-- \/wp:quote --><!-- wp:paragraph -->\r\n<p>...or something like this:<\/p>\r\n<!-- \/wp:paragraph --><!-- wp:quote -->\r\n<blockquote class=\"wp-block-quote\">\r\n<p>The XYZ Doohickey Company was founded in 1971, and has been providing quality doohickeys to the public ever since. Located in Gotham City, XYZ employs over 2,000 people and does all kinds of awesome things for the Gotham community.<\/p>\r\n<\/blockquote>\r\n<!-- \/wp:quote --><!-- wp:paragraph -->\r\n<p>As a new WordPress user, you should go to <a href=\"https:\/\/pi-solve.com\/wp-admin\/\">your dashboard<\/a> to delete this page and create new pages for your content. Have fun!<\/p>\r\n<!-- \/wp:paragraph -->","_et_gb_content_width":"","footnotes":""},"class_list":["post-263","page","type-page","status-publish","hentry"],"yoast_head":"<!-- This site is optimized with the Yoast SEO plugin v27.4 - https:\/\/yoast.com\/product\/yoast-seo-wordpress\/ -->\n<title>Contact &amp; puntos de venta - Kattenurine verwijderaar - PI-Solve<\/title>\n<meta name=\"robots\" content=\"index, follow, max-snippet:-1, max-image-preview:large, max-video-preview:-1\" \/>\n<link rel=\"canonical\" href=\"http:\/\/pi-solve.com\/es\/contact\/\" \/>\n<meta property=\"og:locale\" content=\"es_ES\" \/>\n<meta property=\"og:type\" content=\"article\" \/>\n<meta property=\"og:title\" content=\"Contact &amp; puntos de venta - Kattenurine verwijderaar - PI-Solve\" \/>\n<meta property=\"og:description\" content=\"\u00bfEst\u00e1 interesado en uno de nuestros productos o tiene alguna pregunta? Siempre puedes contactarnos. Estamos encantados de ayudarle. Puntos de venta Perfectekat.nl Best Petfoods Bol.com KVV de Poort Rebrink Diervoeding Van Noord diervoeders (petfooddiscount.nl) Discus Vlaardingen \u2022 D\u00e9 dierenwinkel in Vlaardingen 4Cats - Kattenspeciaalzaak Amsterdam - 140m2 kattenplezier Bea&#039;s Dierenboetiek (beasdierenboetiek.nl) Pronk`s dogshop (pronksdogshop.nl) Hondenhobby [&hellip;]\" \/>\n<meta property=\"og:url\" content=\"http:\/\/pi-solve.com\/es\/contact\/\" \/>\n<meta property=\"og:site_name\" content=\"Kattenurine verwijderaar - PI-Solve\" \/>\n<meta property=\"article:modified_time\" content=\"2024-07-04T06:41:53+00:00\" \/>\n<meta name=\"twitter:card\" content=\"summary_large_image\" \/>\n<meta name=\"twitter:label1\" content=\"Tiempo de lectura\" \/>\n\t<meta name=\"twitter:data1\" content=\"1 minuto\" \/>\n<script type=\"application\/ld+json\" class=\"yoast-schema-graph\">{\"@context\":\"https:\\\/\\\/schema.org\",\"@graph\":[{\"@type\":\"WebPage\",\"@id\":\"http:\\\/\\\/pi-solve.com\\\/es\\\/contact\\\/\",\"url\":\"http:\\\/\\\/pi-solve.com\\\/es\\\/contact\\\/\",\"name\":\"Contact & puntos de venta - Kattenurine verwijderaar - PI-Solve\",\"isPartOf\":{\"@id\":\"http:\\\/\\\/pi-solve.com\\\/#website\"},\"datePublished\":\"2023-10-04T07:37:07+00:00\",\"dateModified\":\"2024-07-04T06:41:53+00:00\",\"breadcrumb\":{\"@id\":\"http:\\\/\\\/pi-solve.com\\\/es\\\/contact\\\/#breadcrumb\"},\"inLanguage\":\"es\",\"potentialAction\":[{\"@type\":\"ReadAction\",\"target\":[\"http:\\\/\\\/pi-solve.com\\\/es\\\/contact\\\/\"]}]},{\"@type\":\"BreadcrumbList\",\"@id\":\"http:\\\/\\\/pi-solve.com\\\/es\\\/contact\\\/#breadcrumb\",\"itemListElement\":[{\"@type\":\"ListItem\",\"position\":1,\"name\":\"Home\",\"item\":\"https:\\\/\\\/pi-solve.com\\\/es\\\/\"},{\"@type\":\"ListItem\",\"position\":2,\"name\":\"Contact &#038; puntos de venta\"}]},{\"@type\":\"WebSite\",\"@id\":\"http:\\\/\\\/pi-solve.com\\\/#website\",\"url\":\"http:\\\/\\\/pi-solve.com\\\/\",\"name\":\"Kattenurine verwijderaar - PI-Solve\",\"description\":\"Effectief kattenurine verwijderen\",\"potentialAction\":[{\"@type\":\"SearchAction\",\"target\":{\"@type\":\"EntryPoint\",\"urlTemplate\":\"http:\\\/\\\/pi-solve.com\\\/?s={search_term_string}\"},\"query-input\":{\"@type\":\"PropertyValueSpecification\",\"valueRequired\":true,\"valueName\":\"search_term_string\"}}],\"inLanguage\":\"es\"}]}<\/script>\n<!-- \/ Yoast SEO plugin. -->","yoast_head_json":{"title":"Contact & puntos de venta - Kattenurine verwijderaar - PI-Solve","robots":{"index":"index","follow":"follow","max-snippet":"max-snippet:-1","max-image-preview":"max-image-preview:large","max-video-preview":"max-video-preview:-1"},"canonical":"http:\/\/pi-solve.com\/es\/contact\/","og_locale":"es_ES","og_type":"article","og_title":"Contact & puntos de venta - Kattenurine verwijderaar - PI-Solve","og_description":"\u00bfEst\u00e1 interesado en uno de nuestros productos o tiene alguna pregunta? Siempre puedes contactarnos. Estamos encantados de ayudarle. Puntos de venta Perfectekat.nl Best Petfoods Bol.com KVV de Poort Rebrink Diervoeding Van Noord diervoeders (petfooddiscount.nl) Discus Vlaardingen \u2022 D\u00e9 dierenwinkel in Vlaardingen 4Cats - Kattenspeciaalzaak Amsterdam - 140m2 kattenplezier Bea's Dierenboetiek (beasdierenboetiek.nl) Pronk`s dogshop (pronksdogshop.nl) Hondenhobby [&hellip;]","og_url":"http:\/\/pi-solve.com\/es\/contact\/","og_site_name":"Kattenurine verwijderaar - PI-Solve","article_modified_time":"2024-07-04T06:41:53+00:00","twitter_card":"summary_large_image","twitter_misc":{"Tiempo de lectura":"1 minuto"},"schema":{"@context":"https:\/\/schema.org","@graph":[{"@type":"WebPage","@id":"http:\/\/pi-solve.com\/es\/contact\/","url":"http:\/\/pi-solve.com\/es\/contact\/","name":"Contact & puntos de venta - Kattenurine verwijderaar - PI-Solve","isPartOf":{"@id":"http:\/\/pi-solve.com\/#website"},"datePublished":"2023-10-04T07:37:07+00:00","dateModified":"2024-07-04T06:41:53+00:00","breadcrumb":{"@id":"http:\/\/pi-solve.com\/es\/contact\/#breadcrumb"},"inLanguage":"es","potentialAction":[{"@type":"ReadAction","target":["http:\/\/pi-solve.com\/es\/contact\/"]}]},{"@type":"BreadcrumbList","@id":"http:\/\/pi-solve.com\/es\/contact\/#breadcrumb","itemListElement":[{"@type":"ListItem","position":1,"name":"Home","item":"https:\/\/pi-solve.com\/es\/"},{"@type":"ListItem","position":2,"name":"Contact &#038; puntos de venta"}]},{"@type":"WebSite","@id":"http:\/\/pi-solve.com\/#website","url":"http:\/\/pi-solve.com\/","name":"Kattenurine verwijderaar - PI-Solve","description":"Effectief kattenurine verwijderen","potentialAction":[{"@type":"SearchAction","target":{"@type":"EntryPoint","urlTemplate":"http:\/\/pi-solve.com\/?s={search_term_string}"},"query-input":{"@type":"PropertyValueSpecification","valueRequired":true,"valueName":"search_term_string"}}],"inLanguage":"es"}]}},"_links":{"self":[{"href":"http:\/\/pi-solve.com\/es\/wp-json\/wp\/v2\/pages\/263","targetHints":{"allow":["GET"]}}],"collection":[{"href":"http:\/\/pi-solve.com\/es\/wp-json\/wp\/v2\/pages"}],"about":[{"href":"http:\/\/pi-solve.com\/es\/wp-json\/wp\/v2\/types\/page"}],"author":[{"embeddable":true,"href":"http:\/\/pi-solve.com\/es\/wp-json\/wp\/v2\/users\/1"}],"replies":[{"embeddable":true,"href":"http:\/\/pi-solve.com\/es\/wp-json\/wp\/v2\/comments?post=263"}],"version-history":[{"count":8,"href":"http:\/\/pi-solve.com\/es\/wp-json\/wp\/v2\/pages\/263\/revisions"}],"predecessor-version":[{"id":526,"href":"http:\/\/pi-solve.com\/es\/wp-json\/wp\/v2\/pages\/263\/revisions\/526"}],"wp:attachment":[{"href":"http:\/\/pi-solve.com\/es\/wp-json\/wp\/v2\/media?parent=263"}],"curies":[{"name":"wp","href":"https:\/\/api.w.org\/{rel}","templated":true}]}}