{"id":285,"date":"2023-10-02T12:00:42","date_gmt":"2023-10-02T12:00:42","guid":{"rendered":"https:\/\/pi-solve.com\/home\/"},"modified":"2023-10-05T12:11:03","modified_gmt":"2023-10-05T12:11:03","slug":"home","status":"publish","type":"page","link":"http:\/\/pi-solve.com\/de\/","title":{"rendered":"Entfernt Katzenurin vollst\u00e4ndig | PI-Solve"},"content":{"rendered":"<p>[et_pb_section fb_built=&#8220;1&#8243; next_background_color=&#8220;#3DA1DA&#8220; _builder_version=&#8220;4.22.2&#8243; _module_preset=&#8220;default&#8220; use_background_color_gradient=&#8220;on&#8220; background_color_gradient_stops=&#8220;rgba(30,63,123,0.8) 0%|rgba(30,63,123,0.61) 100%&#8220; background_color_gradient_overlays_image=&#8220;on&#8220; background_image=&#8220;https:\/\/pi-solve.com\/wp-content\/uploads\/Katten-urine-schoonmaakmiddel-v2.jpg&#8220; custom_padding=&#8220;0px||0px||true|false&#8220; top_divider_color=&#8220;#3DA1DA&#8220; bottom_divider_style=&#8220;asymmetric2&#8243; bottom_divider_height=&#8220;50px&#8220; global_colors_info=&#8220;{}&#8220;][et_pb_row _builder_version=&#8220;4.22.2&#8243; _module_preset=&#8220;default&#8220; width=&#8220;90%&#8220; max_width=&#8220;76%&#8220; custom_padding=&#8220;0px||0px||true|false&#8220; hover_enabled=&#8220;0&#8243; global_colors_info=&#8220;{}&#8220; custom_padding_last_edited=&#8220;on|tablet&#8220; sticky_enabled=&#8220;0&#8243; custom_padding_tablet=&#8220;30px||30px||true|false&#8220; custom_padding_phone=&#8220;30px||30px||true|false&#8220;][et_pb_column type=&#8220;4_4&#8243; _builder_version=&#8220;4.22.2&#8243; _module_preset=&#8220;default&#8220; global_colors_info=&#8220;{}&#8220;][et_pb_slider _builder_version=&#8220;4.22.2&#8243; _module_preset=&#8220;default&#8220; text_orientation=&#8220;left&#8220; custom_padding=&#8220;12%||12%||true|false&#8220; hover_enabled=&#8220;0&#8243; global_colors_info=&#8220;{}&#8220; sticky_enabled=&#8220;0&#8243;][et_pb_slide heading=&#8220;PI-Solve, entfernt Katzenurin vollst\u00e4ndig&#8220; button_link=&#8220;https:\/\/pi-solve.com\/gebruikershandleiding\/&#8220; image=&#8220;https:\/\/pi-solve.com\/wp-content\/uploads\/PI-Solve-urine-verwijderaar.png&#8220; _builder_version=&#8220;4.22.2&#8243; _module_preset=&#8220;default&#8220; background_color=&#8220;rgba(30,63,123,0)&#8220; background_enable_color=&#8220;on&#8220; background_enable_image=&#8220;off&#8220; hover_enabled=&#8220;0&#8243; custom_css_slide_description=&#8220;float: left;||padding-left: 100px;&#8220; custom_css_slide_image=&#8220;right: -150px;&#8220; global_colors_info=&#8220;{}&#8220; sticky_transition=&#8220;on&#8220; sticky_enabled=&#8220;0&#8243; custom_css_slide_description_last_edited=&#8220;on|tablet&#8220; custom_css_slide_description_tablet=&#8220;float: none;||&#8220; custom_css_slide_description_phone=&#8220;float: none;||&#8220;][\/et_pb_slide][\/et_pb_slider][\/et_pb_column][\/et_pb_row][\/et_pb_section][et_pb_section fb_built=&#8220;1&#8243; _builder_version=&#8220;4.22.2&#8243; _module_preset=&#8220;default&#8220; background_color=&#8220;#3DA1DA&#8220; global_colors_info=&#8220;{}&#8220;][et_pb_row column_structure=&#8220;1_3,2_3&#8243; _builder_version=&#8220;4.22.2&#8243; _module_preset=&#8220;default&#8220; global_colors_info=&#8220;{}&#8220;][et_pb_column type=&#8220;1_3&#8243; _builder_version=&#8220;4.22.2&#8243; _module_preset=&#8220;default&#8220; global_colors_info=&#8220;{}&#8220;][et_pb_image src=&#8220;https:\/\/pi-solve.com\/wp-content\/uploads\/Kattenurine-verwijderen.jpg&#8220; alt=&#8220;Kattenurine verwijderen&#8220; title_text=&#8220;Kattenurine verwijderen&#8220; align_tablet=&#8220;&#8220; align_phone=&#8220;center&#8220; align_last_edited=&#8220;on|phone&#8220; _builder_version=&#8220;4.22.2&#8243; _module_preset=&#8220;default&#8220; width=&#8220;300px&#8220; animation_style=&#8220;slide&#8220; animation_direction=&#8220;left&#8220; hover_enabled=&#8220;0&#8243; global_colors_info=&#8220;{}&#8220; align=&#8220;center&#8220; sticky_enabled=&#8220;0&#8243;][\/et_pb_image][\/et_pb_column][et_pb_column type=&#8220;2_3&#8243; _builder_version=&#8220;4.22.2&#8243; _module_preset=&#8220;default&#8220; animation_style=&#8220;fade&#8220; global_colors_info=&#8220;{}&#8220;][et_pb_text _builder_version=&#8220;4.22.2&#8243; _module_preset=&#8220;default&#8220; background_layout=&#8220;dark&#8220; global_colors_info=&#8220;{}&#8220;]<\/p>\n<h2>Katzenurin Entfertner<\/h2>\n<p>PI-Solve ist der Urinentferner, der garantiert Geruch und Flecken beseitigt. Au\u00dferdem verhindert PI-Solve, dass Ihre Katze erneut in den gereinigten Bereich uriniert. PI-Solve besteht aus biologischen Enzymen, die den Urin abbauen. Der hinzugef\u00fcgte Zitrusduft verhindert, dass Ihre Katze die gereinigte Stelle wieder aufsucht, um dort zu urinieren.<\/p>\n<p>\u200bPI-Solve ist einfach in der Anwendung und kann auf Holz- und Laminatb\u00f6den verwendet werden. Au\u00dferdem ist PI-Solve sicher f\u00fcr alle Textilien und Wildleder.<\/p>\n<p>[\/et_pb_text][et_pb_text module_id=&#8220;vinkjes&#8220; module_class=&#8220;vinkjes&#8220; _builder_version=&#8220;4.22.2&#8243; _module_preset=&#8220;default&#8220; background_layout=&#8220;dark&#8220; global_colors_info=&#8220;{}&#8220;]<\/p>\n<ul>\n<li>Entfernt garantiert Geruch und Flecken<\/li>\n<li>Verhindert, dass die gereinigte Fl\u00e4che erneut verschmutzt wird<\/li>\n<li>Geeignet f\u00fcr Urin von Hunden, Katzen und Nagetieren<\/li>\n<li>Entfernt Blut-, Urin- und Kotreste von Hunden, Katzen und Nagetieren<\/li>\n<li>Zum Verkauf in Zoohandlungen<\/li>\n<\/ul>\n<p>[\/et_pb_text][\/et_pb_column][\/et_pb_row][\/et_pb_section]<\/p>\n","protected":false},"excerpt":{"rendered":"<p>Katzenurin Entfertner PI-Solve ist der Urinentferner, der garantiert Geruch und Flecken beseitigt. Au\u00dferdem verhindert PI-Solve, dass Ihre Katze erneut in den gereinigten Bereich uriniert. PI-Solve besteht aus biologischen Enzymen, die den Urin abbauen. Der hinzugef\u00fcgte Zitrusduft verhindert, dass Ihre Katze die gereinigte Stelle wieder aufsucht, um dort zu urinieren. \u200bPI-Solve ist einfach in der Anwendung [&hellip;]<\/p>\n","protected":false},"author":1,"featured_media":0,"parent":0,"menu_order":0,"comment_status":"closed","ping_status":"closed","template":"","meta":{"_et_pb_use_builder":"on","_et_pb_old_content":"<!-- wp:paragraph -->\r\n<p>This is an example page. It's different from a blog post because it will stay in one place and will show up in your site navigation (in most themes). Most people start with an About page that introduces them to potential site visitors. It might say something like this:<\/p>\r\n<!-- \/wp:paragraph --><!-- wp:quote -->\r\n<blockquote class=\"wp-block-quote\">\r\n<p>Hi there! I'm a bike messenger by day, aspiring actor by night, and this is my website. I live in Los Angeles, have a great dog named Jack, and I like pi\u00f1a coladas. (And gettin' caught in the rain.)<\/p>\r\n<\/blockquote>\r\n<!-- \/wp:quote --><!-- wp:paragraph -->\r\n<p>...or something like this:<\/p>\r\n<!-- \/wp:paragraph --><!-- wp:quote -->\r\n<blockquote class=\"wp-block-quote\">\r\n<p>The XYZ Doohickey Company was founded in 1971, and has been providing quality doohickeys to the public ever since. Located in Gotham City, XYZ employs over 2,000 people and does all kinds of awesome things for the Gotham community.<\/p>\r\n<\/blockquote>\r\n<!-- \/wp:quote --><!-- wp:paragraph -->\r\n<p>As a new WordPress user, you should go to <a href=\"https:\/\/pi-solve.com\/wp-admin\/\">your dashboard<\/a> to delete this page and create new pages for your content. Have fun!<\/p>\r\n<!-- \/wp:paragraph -->","_et_gb_content_width":"","footnotes":""},"class_list":["post-285","page","type-page","status-publish","hentry"],"yoast_head":"<!-- This site is optimized with the Yoast SEO plugin v27.5 - https:\/\/yoast.com\/product\/yoast-seo-wordpress\/ -->\n<title>Entfernt Katzenurin vollst\u00e4ndig | PI-Solve verwijdert kattenurine effectief<\/title>\n<meta name=\"description\" content=\"Kattenurine verwijderaar? Ontdek onze effectieve kattenurineverwijderaar. PI-Solve is krachtig in kattenurine vlekken verwijderen\" \/>\n<meta name=\"robots\" content=\"index, follow, max-snippet:-1, max-image-preview:large, max-video-preview:-1\" \/>\n<link rel=\"canonical\" href=\"https:\/\/pi-solve.com\/de\/\" \/>\n<meta property=\"og:locale\" content=\"de_DE\" \/>\n<meta property=\"og:type\" content=\"article\" \/>\n<meta property=\"og:title\" content=\"Entfernt Katzenurin vollst\u00e4ndig | PI-Solve verwijdert kattenurine effectief\" \/>\n<meta property=\"og:description\" content=\"Kattenurine verwijderaar? Ontdek onze effectieve kattenurineverwijderaar. PI-Solve is krachtig in kattenurine vlekken verwijderen\" \/>\n<meta property=\"og:url\" content=\"https:\/\/pi-solve.com\/de\/\" \/>\n<meta property=\"og:site_name\" content=\"Kattenurine verwijderaar - PI-Solve\" \/>\n<meta property=\"article:modified_time\" content=\"2023-10-05T12:11:03+00:00\" \/>\n<meta name=\"twitter:card\" content=\"summary_large_image\" \/>\n<meta name=\"twitter:label1\" content=\"Gesch\u00e4tzte Lesezeit\" \/>\n\t<meta name=\"twitter:data1\" content=\"2\u00a0Minuten\" \/>\n<script type=\"application\/ld+json\" class=\"yoast-schema-graph\">{\"@context\":\"https:\\\/\\\/schema.org\",\"@graph\":[{\"@type\":\"WebPage\",\"@id\":\"https:\\\/\\\/pi-solve.com\\\/de\\\/\",\"url\":\"https:\\\/\\\/pi-solve.com\\\/de\\\/\",\"name\":\"Entfernt Katzenurin vollst\u00e4ndig | PI-Solve verwijdert kattenurine effectief\",\"isPartOf\":{\"@id\":\"http:\\\/\\\/pi-solve.com\\\/#website\"},\"datePublished\":\"2023-10-02T12:00:42+00:00\",\"dateModified\":\"2023-10-05T12:11:03+00:00\",\"description\":\"Kattenurine verwijderaar? Ontdek onze effectieve kattenurineverwijderaar. PI-Solve is krachtig in kattenurine vlekken verwijderen\",\"breadcrumb\":{\"@id\":\"https:\\\/\\\/pi-solve.com\\\/de\\\/#breadcrumb\"},\"inLanguage\":\"de\",\"potentialAction\":[{\"@type\":\"ReadAction\",\"target\":[\"https:\\\/\\\/pi-solve.com\\\/de\\\/\"]}]},{\"@type\":\"BreadcrumbList\",\"@id\":\"https:\\\/\\\/pi-solve.com\\\/de\\\/#breadcrumb\",\"itemListElement\":[{\"@type\":\"ListItem\",\"position\":1,\"name\":\"Home\",\"item\":\"https:\\\/\\\/pi-solve.com\\\/de\\\/\"},{\"@type\":\"ListItem\",\"position\":2,\"name\":\"Entfernt Katzenurin vollst\u00e4ndig | PI-Solve\"}]},{\"@type\":\"WebSite\",\"@id\":\"http:\\\/\\\/pi-solve.com\\\/#website\",\"url\":\"http:\\\/\\\/pi-solve.com\\\/\",\"name\":\"Kattenurine verwijderaar - PI-Solve\",\"description\":\"Effectief kattenurine verwijderen\",\"potentialAction\":[{\"@type\":\"SearchAction\",\"target\":{\"@type\":\"EntryPoint\",\"urlTemplate\":\"http:\\\/\\\/pi-solve.com\\\/?s={search_term_string}\"},\"query-input\":{\"@type\":\"PropertyValueSpecification\",\"valueRequired\":true,\"valueName\":\"search_term_string\"}}],\"inLanguage\":\"de\"}]}<\/script>\n<!-- \/ Yoast SEO plugin. -->","yoast_head_json":{"title":"Entfernt Katzenurin vollst\u00e4ndig | PI-Solve verwijdert kattenurine effectief","description":"Kattenurine verwijderaar? Ontdek onze effectieve kattenurineverwijderaar. PI-Solve is krachtig in kattenurine vlekken verwijderen","robots":{"index":"index","follow":"follow","max-snippet":"max-snippet:-1","max-image-preview":"max-image-preview:large","max-video-preview":"max-video-preview:-1"},"canonical":"https:\/\/pi-solve.com\/de\/","og_locale":"de_DE","og_type":"article","og_title":"Entfernt Katzenurin vollst\u00e4ndig | PI-Solve verwijdert kattenurine effectief","og_description":"Kattenurine verwijderaar? Ontdek onze effectieve kattenurineverwijderaar. PI-Solve is krachtig in kattenurine vlekken verwijderen","og_url":"https:\/\/pi-solve.com\/de\/","og_site_name":"Kattenurine verwijderaar - PI-Solve","article_modified_time":"2023-10-05T12:11:03+00:00","twitter_card":"summary_large_image","twitter_misc":{"Gesch\u00e4tzte Lesezeit":"2\u00a0Minuten"},"schema":{"@context":"https:\/\/schema.org","@graph":[{"@type":"WebPage","@id":"https:\/\/pi-solve.com\/de\/","url":"https:\/\/pi-solve.com\/de\/","name":"Entfernt Katzenurin vollst\u00e4ndig | PI-Solve verwijdert kattenurine effectief","isPartOf":{"@id":"http:\/\/pi-solve.com\/#website"},"datePublished":"2023-10-02T12:00:42+00:00","dateModified":"2023-10-05T12:11:03+00:00","description":"Kattenurine verwijderaar? Ontdek onze effectieve kattenurineverwijderaar. PI-Solve is krachtig in kattenurine vlekken verwijderen","breadcrumb":{"@id":"https:\/\/pi-solve.com\/de\/#breadcrumb"},"inLanguage":"de","potentialAction":[{"@type":"ReadAction","target":["https:\/\/pi-solve.com\/de\/"]}]},{"@type":"BreadcrumbList","@id":"https:\/\/pi-solve.com\/de\/#breadcrumb","itemListElement":[{"@type":"ListItem","position":1,"name":"Home","item":"https:\/\/pi-solve.com\/de\/"},{"@type":"ListItem","position":2,"name":"Entfernt Katzenurin vollst\u00e4ndig | PI-Solve"}]},{"@type":"WebSite","@id":"http:\/\/pi-solve.com\/#website","url":"http:\/\/pi-solve.com\/","name":"Kattenurine verwijderaar - PI-Solve","description":"Effectief kattenurine verwijderen","potentialAction":[{"@type":"SearchAction","target":{"@type":"EntryPoint","urlTemplate":"http:\/\/pi-solve.com\/?s={search_term_string}"},"query-input":{"@type":"PropertyValueSpecification","valueRequired":true,"valueName":"search_term_string"}}],"inLanguage":"de"}]}},"_links":{"self":[{"href":"http:\/\/pi-solve.com\/de\/wp-json\/wp\/v2\/pages\/285","targetHints":{"allow":["GET"]}}],"collection":[{"href":"http:\/\/pi-solve.com\/de\/wp-json\/wp\/v2\/pages"}],"about":[{"href":"http:\/\/pi-solve.com\/de\/wp-json\/wp\/v2\/types\/page"}],"author":[{"embeddable":true,"href":"http:\/\/pi-solve.com\/de\/wp-json\/wp\/v2\/users\/1"}],"replies":[{"embeddable":true,"href":"http:\/\/pi-solve.com\/de\/wp-json\/wp\/v2\/comments?post=285"}],"version-history":[{"count":11,"href":"http:\/\/pi-solve.com\/de\/wp-json\/wp\/v2\/pages\/285\/revisions"}],"predecessor-version":[{"id":454,"href":"http:\/\/pi-solve.com\/de\/wp-json\/wp\/v2\/pages\/285\/revisions\/454"}],"wp:attachment":[{"href":"http:\/\/pi-solve.com\/de\/wp-json\/wp\/v2\/media?parent=285"}],"curies":[{"name":"wp","href":"https:\/\/api.w.org\/{rel}","templated":true}]}}